{"id":1430,"date":"2021-07-13T19:53:39","date_gmt":"2021-07-13T17:53:39","guid":{"rendered":"https:\/\/interactivemicroeconomics.com\/?page_id=1430"},"modified":"2021-07-14T19:17:42","modified_gmt":"2021-07-14T17:17:42","slug":"1430-2","status":"publish","type":"page","link":"https:\/\/interactivemicroeconomics.com\/index.php\/es\/1430-2\/","title":{"rendered":""},"content":{"rendered":"\t\t<div data-elementor-type=\"wp-page\" data-elementor-id=\"1430\" class=\"elementor elementor-1430\">\n\t\t\t\t\t\t<div class=\"elementor-section elementor-top-section elementor-element elementor-element-38669e49 elementor-section-full_width elementor-section-height-default elementor-section-height-default elementor-invisible\" data-id=\"38669e49\" data-element_type=\"section\" data-e-type=\"section\" data-settings=\"{&quot;animation&quot;:&quot;fadeInUp&quot;}\">\n\t\t\t\t\t\t<div class=\"elementor-container elementor-column-gap-no\">\n\t\t\t\t\t<div class=\"elementor-column elementor-col-100 elementor-top-column elementor-element elementor-element-af80f98\" data-id=\"af80f98\" data-element_type=\"column\" data-e-type=\"column\">\n\t\t\t<div class=\"elementor-widget-wrap elementor-element-populated\">\n\t\t\t\t\t\t<div class=\"elementor-element elementor-element-7f1130b elementor-invisible elementor-widget elementor-widget-accordion\" data-id=\"7f1130b\" data-element_type=\"widget\" data-e-type=\"widget\" data-settings=\"{&quot;_animation&quot;:&quot;fadeInUp&quot;}\" data-widget_type=\"accordion.default\">\n\t\t\t\t<div class=\"elementor-widget-container\">\n\t\t\t\t\t\t\t<div class=\"elementor-accordion\">\n\t\t\t\t\t\t\t<div class=\"elementor-accordion-item\">\n\t\t\t\t\t<div id=\"elementor-tab-title-1331\" class=\"elementor-tab-title\" data-tab=\"1\" role=\"button\" aria-controls=\"elementor-tab-content-1331\" aria-expanded=\"false\">\n\t\t\t\t\t\t\t\t\t\t\t\t<a class=\"elementor-accordion-title\" tabindex=\"0\">Mostrar menos...<\/a>\n\t\t\t\t\t<\/div>\n\t\t\t\t\t<div id=\"elementor-tab-content-1331\" class=\"elementor-tab-content elementor-clearfix\" data-tab=\"1\" role=\"region\" aria-labelledby=\"elementor-tab-title-1331\"><p>Todos los estudiantes de Econom\u00eda y Administraci\u00f3n de Empresas se enfrentan a al menos un curso de Microeconom\u00eda. Y muchos la encuentran dif\u00edcil.\u00a0<\/p><p>Aprendiendo con Interactive Microeconomics,\u00a0 \u00a1no estar\u00e1s de acuerdo!<\/p><p>\u00bfC\u00f3mo es posible comprender f\u00e1cilmente los conceptos te\u00f3ricos, y manejar con comodidad gr\u00e1ficas y expresiones matem\u00e1ticas? Nuestra respuesta es (\u00a1sorpresa!): siendo <strong>interactivos<\/strong>&#8230;<\/p><\/div>\n\t\t\t\t<\/div>\n\t\t\t\t\t\t\t<div class=\"elementor-accordion-item\">\n\t\t\t\t\t<div id=\"elementor-tab-title-1332\" class=\"elementor-tab-title\" data-tab=\"2\" role=\"button\" aria-controls=\"elementor-tab-content-1332\" aria-expanded=\"false\">\n\t\t\t\t\t\t\t\t\t\t\t\t<a class=\"elementor-accordion-title\" tabindex=\"0\">Mostrar m\u00e1s...<\/a>\n\t\t\t\t\t<\/div>\n\t\t\t\t\t<div id=\"elementor-tab-content-1332\" class=\"elementor-tab-content elementor-clearfix\" data-tab=\"2\" role=\"region\" aria-labelledby=\"elementor-tab-title-1332\"><p>Todos los estudiantes de Econom\u00eda y Administraci\u00f3n de Empresas se enfrentan a al menos un curso de Microeconom\u00eda. Y muchos la encuentran dif\u00edcil.\u00a0<\/p><p>Aprendiendo con Interactive Microeconomics,\u00a0 \u00a1no estar\u00e1s de acuerdo!<\/p><p>\u00bfC\u00f3mo es posible comprender f\u00e1cilmente los conceptos te\u00f3ricos, y manejar con comodidad gr\u00e1ficas y expresiones matem\u00e1ticas? Nuestra respuesta es (\u00a1sorpresa!): siendo <strong>interactivos<\/strong>&#8230;<\/p><p><span style=\"font-size: 1rem;\">Te plantearemos peque\u00f1as preguntas que deber\u00e1s pensar y responder por tu cuenta. Ir\u00e1s obteniendo sugerencias sobre c\u00f3mo razonar, y comentarios. Finalmente, siempre podr\u00e1s chequear tus respuestas<\/span><span style=\"font-size: 1rem;\">.<\/span><\/p><p><span style=\"font-size: 1rem;\">Lo que uno descubre por s\u00ed mismo se convierte en parte de su experiencia y ser\u00e1 \u00fatil para responder nuevas preguntas. Queremos guiarte para que aprendas a aprender.\u00a0<\/span><\/p><p>El material presentado aqu\u00ed se corresponde con el nivel requerido en un curso de Microeconom\u00eda Intermedia en la universidad. Pero a diferencia de un manual tradicional, aprovecha las ventajas de la flexibilidad de la pantalla. No est\u00e1 limitado a un texto lineal, sino que te hace pensar sobre nuevas preguntas, muestra aclaraciones o extensiones a demanda y te permite interactuar con la mayor\u00eda de las figuras. Puedes acceder a las definiciones desde el texto principal o, al rev\u00e9s, usar el glosario de conceptos y desde ah\u00ed acceder a las explicaciones y ejemplos del texto<\/p><p>Conviene recordar, en todo caso que, junto a las posibilidades de la tecnolog\u00eda, l\u00e1piz y papel siguen siendo una herramienta fant\u00e1stica para el trabajo &#8216;interactivo&#8217;.<\/p><p>En el resto de este sitio encontrar\u00e1s informaci\u00f3n m\u00e1s espec\u00edfica sobre el material que ofrecemos.<\/p><p>Esperamos que lo encuentres atractivo, y decidas unirte a nosotros en este viaje!<\/p><\/div>\n\t\t\t\t<\/div>\n\t\t\t\t\t\t\t\t<\/div>\n\t\t\t\t\t\t<\/div>\n\t\t\t\t<\/div>\n\t\t\t\t\t<\/div>\n\t\t<\/div>\n\t\t\t\t\t<\/div>\n\t\t<\/div>\n\t\t\t\t<\/div>\n\t\t","protected":false},"excerpt":{"rendered":"<p>Mostrar menos&#8230; Todos los estudiantes de Econom\u00eda y Administraci\u00f3n de Empresas se enfrentan a al menos un curso de Microeconom\u00eda. Y muchos la encuentran dif\u00edcil.\u00a0 Aprendiendo con Interactive Microeconomics,\u00a0 \u00a1no estar\u00e1s de acuerdo! \u00bfC\u00f3mo es posible comprender f\u00e1cilmente los conceptos te\u00f3ricos, y manejar con comodidad gr\u00e1ficas y expresiones matem\u00e1ticas? Nuestra respuesta es (\u00a1sorpresa!): siendo interactivos&#8230; &hellip; <\/p>\n<p class=\"link-more\"><a href=\"https:\/\/interactivemicroeconomics.com\/index.php\/es\/1430-2\/\" class=\"more-link\">Continue reading<span class=\"screen-reader-text\"> &#8220;&#8221;<\/span><\/a><\/p>\n","protected":false},"author":3,"featured_media":0,"parent":0,"menu_order":0,"comment_status":"closed","ping_status":"closed","template":"","meta":{"_monsterinsights_skip_tracking":false,"_monsterinsights_sitenote_active":false,"_monsterinsights_sitenote_note":"","_monsterinsights_sitenote_category":0,"footnotes":""},"class_list":["post-1430","page","type-page","status-publish","hentry"],"_links":{"self":[{"href":"https:\/\/interactivemicroeconomics.com\/index.php\/wp-json\/wp\/v2\/pages\/1430","targetHints":{"allow":["GET"]}}],"collection":[{"href":"https:\/\/interactivemicroeconomics.com\/index.php\/wp-json\/wp\/v2\/pages"}],"about":[{"href":"https:\/\/interactivemicroeconomics.com\/index.php\/wp-json\/wp\/v2\/types\/page"}],"author":[{"embeddable":true,"href":"https:\/\/interactivemicroeconomics.com\/index.php\/wp-json\/wp\/v2\/users\/3"}],"replies":[{"embeddable":true,"href":"https:\/\/interactivemicroeconomics.com\/index.php\/wp-json\/wp\/v2\/comments?post=1430"}],"version-history":[{"count":19,"href":"https:\/\/interactivemicroeconomics.com\/index.php\/wp-json\/wp\/v2\/pages\/1430\/revisions"}],"predecessor-version":[{"id":1490,"href":"https:\/\/interactivemicroeconomics.com\/index.php\/wp-json\/wp\/v2\/pages\/1430\/revisions\/1490"}],"wp:attachment":[{"href":"https:\/\/interactivemicroeconomics.com\/index.php\/wp-json\/wp\/v2\/media?parent=1430"}],"curies":[{"name":"wp","href":"https:\/\/api.w.org\/{rel}","templated":true}]}}