{"id":1442,"date":"2021-07-13T20:31:08","date_gmt":"2021-07-13T18:31:08","guid":{"rendered":"https:\/\/interactivemicroeconomics.com\/?page_id=1442"},"modified":"2021-07-16T10:30:43","modified_gmt":"2021-07-16T08:30:43","slug":"privacidad","status":"publish","type":"page","link":"https:\/\/interactivemicroeconomics.com\/index.php\/es\/privacidad\/","title":{"rendered":"Pol\u00edtica de Privacidad"},"content":{"rendered":"\t\t<div data-elementor-type=\"wp-page\" data-elementor-id=\"1442\" class=\"elementor elementor-1442\">\n\t\t\t\t\t\t<section class=\"elementor-section elementor-top-section elementor-element elementor-element-3071a571 elementor-section-boxed elementor-section-height-default elementor-section-height-default\" data-id=\"3071a571\" data-element_type=\"section\" data-e-type=\"section\">\n\t\t\t\t\t\t<div class=\"elementor-container elementor-column-gap-default\">\n\t\t\t\t\t<div class=\"elementor-column elementor-col-100 elementor-top-column elementor-element elementor-element-1ce4794b\" data-id=\"1ce4794b\" data-element_type=\"column\" data-e-type=\"column\">\n\t\t\t<div class=\"elementor-widget-wrap elementor-element-populated\">\n\t\t\t\t\t\t<div class=\"elementor-element elementor-element-1e44a02a elementor-widget elementor-widget-text-editor\" data-id=\"1e44a02a\" data-element_type=\"widget\" data-e-type=\"widget\" data-widget_type=\"text-editor.default\">\n\t\t\t\t<div class=\"elementor-widget-container\">\n\t\t\t\t\t\t\t\t\t<p><\/p><p>Interactive Microeconomics somos, Javier Pu\u00e9rtolas and Loreto Llorente. Puedes contactar con nosotros en:<\/p><p><\/p><p><\/p><p class=\"has-text-align-center\">interactivemicroeconomics.com<\/p><p><\/p><p><\/p><h1 class=\"wp-block-heading\">Aplicaciones<\/h1><p><\/p><p><\/p><p>Nuestras aplicaciones no recopilan datos del usuario, ni de su actividad, tipo de dispositivo o localizaci\u00f3n, ni siquiera anon\u00edmamente con objetivos estad\u00edsticos.<\/p><p><\/p><p><\/p><p>Las apps solo acceden a internet a trav\u00e9s de los links que aparecen en la secci\u00f3n de Cr\u00e9ditos y de los enlaces expl\u00edcitos a nuestro website.<\/p><p><\/p><p><\/p><h1 class=\"wp-block-heading\">Web site<\/h1><p><\/p><p><\/p><h2 class=\"wp-block-heading\">Use of data<\/h2><p><\/p><p><\/p><h2 class=\"wp-block-heading\">Comments<\/h2><p><\/p><p><!--<\/p>\n<p>When visitors leave comments on the site we collect the data shown in the comments form, and also the visitor\u2019s IP address and browser user agent string to help spam detection.<\/p>\n<p>--><\/p><p><!--<\/p>\n<p>An anonymized string created from your email address (also called a hash) may be provided to the Gravatar service to see if you are using it. The Gravatar service privacy policy is available here: https:\/\/automattic.com\/privacy\/. After approval of your comment, your profile picture is visible to the public in the context of your comment.<\/p>\n<p>--><\/p><p><\/p><p><\/p><h3 class=\"wp-block-heading\">Media<\/h3><p><\/p><p><!--<\/p>\n<p>If you upload images to the website, you should avoid uploading images with embedded location data (EXIF GPS) included. Visitors to the website can download and extract any location data from images on the website.<\/p>\n<p>--><\/p><p><\/p><h3 class=\"wp-block-heading\">Contact forms<\/h3><p><\/p><p><\/p><h3 class=\"wp-block-heading\">Cookies<\/h3><p><\/p><p><!--<\/p>\n<p>If you leave a comment on our site you may opt-in to saving your name, email address and website in cookies. These are for your convenience so that you do not have to fill in your details again when you leave another comment. These cookies will last for one year.<\/p>\n<p>--><\/p><p><!--<\/p>\n<p>If you visit our login page, we will set a temporary cookie to determine if your browser accepts cookies. This cookie contains no personal data and is discarded when you close your browser.<\/p>\n<p>--><\/p><p><!--<\/p>\n<p>When you log in, we will also set up several cookies to save your login information and your screen display choices. Login cookies last for two days, and screen options cookies last for a year. If you select \"Remember Me\", your login will persist for two weeks. If you log out of your account, the login cookies will be removed.<\/p>\n<p>--><\/p><p><\/p><h2 class=\"wp-block-heading\">Analytics<\/h2><p><\/p><p><\/p><h2 class=\"wp-block-heading\">Who we share your data with<\/h2><p><\/p><p><\/p><p>El sitio web (no las apps) usa Google Analitycs a trav\u00e9s de MonsterInsigths.<\/p><p><\/p><p><\/p><p>No recolectamos datos, incluyendo IP&#8217;s.<\/p><p><\/p><p><\/p><h2 class=\"wp-block-heading\">How long we retain your data<\/h2><p><\/p><p><!--<\/p>\n<p>If you leave a comment, the comment and its metadata are retained indefinitely. This is so we can recognize and approve any follow-up comments automatically instead of holding them in a moderation queue.<\/p>\n<p>--><\/p><p><\/p><p>\u00a0<\/p><p><\/p><p><\/p><h2 class=\"wp-block-heading\">Where we send your data<\/h2><p><\/p><p><\/p><p>Los comentarios de visitantes pueden ser chequeados por un servicio autom\u00e1tico de detecci\u00f3n de spam.<\/p><p><\/p><p><\/p><h2 class=\"wp-block-heading\">Our contact information<\/h2><p><\/p><p><\/p><p>interactivemicroeconomics.com<\/p><p><\/p><p><\/p><h2 class=\"wp-block-heading\">Additional information<\/h2><p><\/p><p><\/p><p><strong>litespeed-cache: <\/strong>Este sitio utiliza \u00a0caching de cara a ofrecer un menor tiempo de respuesta y mejor experiencia de usuario. Caching puede almacenar temporalmente una copia de de cada p\u00e1gina del sitio.\u00a0 Toda la cache es temporal y nunca accedida por terceras partes, excepto en lo necesario para obtener soporte t\u00e9cnico del productor del plug-in. Los archivos de la cache expiran de acuerdo con un esquema temporal, pero pueden ser purgados por el administrados manualmente si fuera necesario.<\/p><p><\/p><p><\/p><p>El sitio est\u00e1 alojado en Hostinger.com, y creado y administrado con WordPress y Elementor.<\/p><p><\/p>\t\t\t\t\t\t\t\t<\/div>\n\t\t\t\t<\/div>\n\t\t\t\t\t<\/div>\n\t\t<\/div>\n\t\t\t\t\t<\/div>\n\t\t<\/section>\n\t\t\t\t<\/div>\n\t\t","protected":false},"excerpt":{"rendered":"<p>Interactive Microeconomics somos, Javier Pu\u00e9rtolas and Loreto Llorente. Puedes contactar con nosotros en: interactivemicroeconomics.com Aplicaciones Nuestras aplicaciones no recopilan datos del usuario, ni de su actividad, tipo de dispositivo o localizaci\u00f3n, ni siquiera anon\u00edmamente con objetivos estad\u00edsticos. Las apps solo acceden a internet a trav\u00e9s de los links que aparecen en la secci\u00f3n de Cr\u00e9ditos &hellip; <\/p>\n<p class=\"link-more\"><a href=\"https:\/\/interactivemicroeconomics.com\/index.php\/es\/privacidad\/\" class=\"more-link\">Continue reading<span class=\"screen-reader-text\"> &#8220;Pol\u00edtica de Privacidad&#8221;<\/span><\/a><\/p>\n","protected":false},"author":3,"featured_media":0,"parent":0,"menu_order":0,"comment_status":"closed","ping_status":"open","template":"","meta":{"_monsterinsights_skip_tracking":false,"_monsterinsights_sitenote_active":false,"_monsterinsights_sitenote_note":"","_monsterinsights_sitenote_category":0,"footnotes":""},"class_list":["post-1442","page","type-page","status-publish","hentry"],"_links":{"self":[{"href":"https:\/\/interactivemicroeconomics.com\/index.php\/wp-json\/wp\/v2\/pages\/1442","targetHints":{"allow":["GET"]}}],"collection":[{"href":"https:\/\/interactivemicroeconomics.com\/index.php\/wp-json\/wp\/v2\/pages"}],"about":[{"href":"https:\/\/interactivemicroeconomics.com\/index.php\/wp-json\/wp\/v2\/types\/page"}],"author":[{"embeddable":true,"href":"https:\/\/interactivemicroeconomics.com\/index.php\/wp-json\/wp\/v2\/users\/3"}],"replies":[{"embeddable":true,"href":"https:\/\/interactivemicroeconomics.com\/index.php\/wp-json\/wp\/v2\/comments?post=1442"}],"version-history":[{"count":5,"href":"https:\/\/interactivemicroeconomics.com\/index.php\/wp-json\/wp\/v2\/pages\/1442\/revisions"}],"predecessor-version":[{"id":1662,"href":"https:\/\/interactivemicroeconomics.com\/index.php\/wp-json\/wp\/v2\/pages\/1442\/revisions\/1662"}],"wp:attachment":[{"href":"https:\/\/interactivemicroeconomics.com\/index.php\/wp-json\/wp\/v2\/media?parent=1442"}],"curies":[{"name":"wp","href":"https:\/\/api.w.org\/{rel}","templated":true}]}}