{"id":1445,"date":"2021-07-13T20:33:10","date_gmt":"2021-07-13T18:33:10","guid":{"rendered":"https:\/\/interactivemicroeconomics.com\/?page_id=1445"},"modified":"2021-07-28T10:28:36","modified_gmt":"2021-07-28T08:28:36","slug":"ejemplos","status":"publish","type":"page","link":"https:\/\/interactivemicroeconomics.com\/index.php\/es\/ejemplos\/","title":{"rendered":"Ejemplos"},"content":{"rendered":"\t\t<div data-elementor-type=\"wp-page\" data-elementor-id=\"1445\" class=\"elementor elementor-1445\">\n\t\t\t\t\t\t<section class=\"elementor-section elementor-top-section elementor-element elementor-element-59aaa3f4 elementor-section-boxed elementor-section-height-default elementor-section-height-default\" data-id=\"59aaa3f4\" data-element_type=\"section\" data-e-type=\"section\">\n\t\t\t\t\t\t<div class=\"elementor-container elementor-column-gap-default\">\n\t\t\t\t\t<div class=\"elementor-column elementor-col-100 elementor-top-column elementor-element elementor-element-2a68b16c\" data-id=\"2a68b16c\" data-element_type=\"column\" data-e-type=\"column\">\n\t\t\t<div class=\"elementor-widget-wrap elementor-element-populated\">\n\t\t\t\t\t\t<div class=\"elementor-element elementor-element-2bdef20a elementor-widget elementor-widget-text-editor\" data-id=\"2bdef20a\" data-element_type=\"widget\" data-e-type=\"widget\" data-widget_type=\"text-editor.default\">\n\t\t\t\t<div class=\"elementor-widget-container\">\n\t\t\t\t\t\t\t\t\t<p><\/p><p>En esta p\u00e1gina puedes ver tres ejemplos con los que podr\u00e1s ver en acci\u00f3n los diversos tipos de interactividad utilizados en las apps.<br \/>Operan de diferentes maneras pero con un objetivo conjunto: Alcanzar una compresi\u00f3n profunda (no memor\u00edstica)\u00a0 de los diferentes problemas y sus soluciones.<\/p><p>Los tres ejemplos no forman una secci\u00f3n completa, pero permiten hacerse una idea de la forma en que se abordan los conceptos. En este caso el equilibrio\u00a0 en el mercado de un bien (equilibrio parcial).<\/p><p><\/p>\t\t\t\t\t\t\t\t<\/div>\n\t\t\t\t<\/div>\n\t\t\t\t\t<\/div>\n\t\t<\/div>\n\t\t\t\t\t<\/div>\n\t\t<\/section>\n\t\t\t\t<section class=\"elementor-section elementor-top-section elementor-element elementor-element-126b286 elementor-section-boxed elementor-section-height-default elementor-section-height-default\" data-id=\"126b286\" data-element_type=\"section\" data-e-type=\"section\">\n\t\t\t\t\t\t<div class=\"elementor-container elementor-column-gap-default\">\n\t\t\t\t\t<div class=\"elementor-column elementor-col-100 elementor-top-column elementor-element elementor-element-0bd7d2a\" data-id=\"0bd7d2a\" data-element_type=\"column\" data-e-type=\"column\">\n\t\t\t<div class=\"elementor-widget-wrap elementor-element-populated\">\n\t\t\t\t\t\t<section class=\"elementor-section elementor-inner-section elementor-element elementor-element-ea6f972 elementor-section-boxed elementor-section-height-default elementor-section-height-default\" data-id=\"ea6f972\" data-element_type=\"section\" data-e-type=\"section\">\n\t\t\t\t\t\t<div class=\"elementor-container elementor-column-gap-default\">\n\t\t\t\t\t<div class=\"elementor-column elementor-col-33 elementor-inner-column elementor-element elementor-element-2cbe11d\" data-id=\"2cbe11d\" data-element_type=\"column\" data-e-type=\"column\">\n\t\t\t<div class=\"elementor-widget-wrap elementor-element-populated\">\n\t\t\t\t\t\t<div class=\"elementor-element elementor-element-cca53d4 elementor-widget elementor-widget-html\" data-id=\"cca53d4\" data-element_type=\"widget\" data-e-type=\"widget\" data-widget_type=\"html.default\">\n\t\t\t\t<div class=\"elementor-widget-container\">\n\t\t\t\t\t<a href=\"\/index.php\/es\/ejemplos\/equilibrio-de-mercado\/\"><img decoding=\"async\" src=\"https:\/\/interactivemicroeconomics.com\/wp-content\/uploads\/2021\/07\/botonEjemplos_es.png\" width=\"240\" height=\"127\" alt=\"\"\/><\/a>\n\n\t\t\t\t<\/div>\n\t\t\t\t<\/div>\n\t\t\t\t\t<\/div>\n\t\t<\/div>\n\t\t\t\t<div class=\"elementor-column elementor-col-33 elementor-inner-column elementor-element elementor-element-2c73a6f\" data-id=\"2c73a6f\" data-element_type=\"column\" data-e-type=\"column\">\n\t\t\t<div class=\"elementor-widget-wrap elementor-element-populated\">\n\t\t\t\t\t\t<div class=\"elementor-element elementor-element-8b0342e elementor-widget elementor-widget-html\" data-id=\"8b0342e\" data-element_type=\"widget\" data-e-type=\"widget\" data-widget_type=\"html.default\">\n\t\t\t\t<div class=\"elementor-widget-container\">\n\t\t\t\t\t<a href=\"\/index.php\/es\/ejemplos\/estatica-comparativa\/\"><img decoding=\"async\" src=\"https:\/\/interactivemicroeconomics.com\/wp-content\/uploads\/2021\/07\/botonEjemplos2_es.png\" width=\"240\" height=\"127\" alt=\"\"\/><\/a>\t\t\t\t<\/div>\n\t\t\t\t<\/div>\n\t\t\t\t\t<\/div>\n\t\t<\/div>\n\t\t\t\t<div class=\"elementor-column elementor-col-33 elementor-inner-column elementor-element elementor-element-d999a26\" data-id=\"d999a26\" data-element_type=\"column\" data-e-type=\"column\">\n\t\t\t<div class=\"elementor-widget-wrap elementor-element-populated\">\n\t\t\t\t\t\t<div class=\"elementor-element elementor-element-70a79f5 elementor-widget elementor-widget-html\" data-id=\"70a79f5\" data-element_type=\"widget\" data-e-type=\"widget\" data-widget_type=\"html.default\">\n\t\t\t\t<div class=\"elementor-widget-container\">\n\t\t\t\t\t<a href=\"\/index.php\/es\/ejemplos\/autoevaluacion\/\"><img decoding=\"async\" src=\"https:\/\/interactivemicroeconomics.com\/wp-content\/uploads\/2021\/07\/botonEjemplos3_es.png\" width=\"240\" height=\"127\" alt=\"\"\/><\/a>\t\t\t\t<\/div>\n\t\t\t\t<\/div>\n\t\t\t\t\t<\/div>\n\t\t<\/div>\n\t\t\t\t\t<\/div>\n\t\t<\/section>\n\t\t\t\t\t<\/div>\n\t\t<\/div>\n\t\t\t\t\t<\/div>\n\t\t<\/section>\n\t\t\t\t<\/div>\n\t\t","protected":false},"excerpt":{"rendered":"<p>En esta p\u00e1gina puedes ver tres ejemplos con los que podr\u00e1s ver en acci\u00f3n los diversos tipos de interactividad utilizados en las apps.Operan de diferentes maneras pero con un objetivo conjunto: Alcanzar una compresi\u00f3n profunda (no memor\u00edstica)\u00a0 de los diferentes problemas y sus soluciones. Los tres ejemplos no forman una secci\u00f3n completa, pero permiten hacerse &hellip; <\/p>\n<p class=\"link-more\"><a href=\"https:\/\/interactivemicroeconomics.com\/index.php\/es\/ejemplos\/\" class=\"more-link\">Continue reading<span class=\"screen-reader-text\"> &#8220;Ejemplos&#8221;<\/span><\/a><\/p>\n","protected":false},"author":3,"featured_media":431,"parent":0,"menu_order":0,"comment_status":"closed","ping_status":"open","template":"","meta":{"_monsterinsights_skip_tracking":false,"_monsterinsights_sitenote_active":false,"_monsterinsights_sitenote_note":"","_monsterinsights_sitenote_category":0,"footnotes":""},"class_list":["post-1445","page","type-page","status-publish","has-post-thumbnail","hentry"],"_links":{"self":[{"href":"https:\/\/interactivemicroeconomics.com\/index.php\/wp-json\/wp\/v2\/pages\/1445","targetHints":{"allow":["GET"]}}],"collection":[{"href":"https:\/\/interactivemicroeconomics.com\/index.php\/wp-json\/wp\/v2\/pages"}],"about":[{"href":"https:\/\/interactivemicroeconomics.com\/index.php\/wp-json\/wp\/v2\/types\/page"}],"author":[{"embeddable":true,"href":"https:\/\/interactivemicroeconomics.com\/index.php\/wp-json\/wp\/v2\/users\/3"}],"replies":[{"embeddable":true,"href":"https:\/\/interactivemicroeconomics.com\/index.php\/wp-json\/wp\/v2\/comments?post=1445"}],"version-history":[{"count":16,"href":"https:\/\/interactivemicroeconomics.com\/index.php\/wp-json\/wp\/v2\/pages\/1445\/revisions"}],"predecessor-version":[{"id":1705,"href":"https:\/\/interactivemicroeconomics.com\/index.php\/wp-json\/wp\/v2\/pages\/1445\/revisions\/1705"}],"wp:featuredmedia":[{"embeddable":true,"href":"https:\/\/interactivemicroeconomics.com\/index.php\/wp-json\/wp\/v2\/media\/431"}],"wp:attachment":[{"href":"https:\/\/interactivemicroeconomics.com\/index.php\/wp-json\/wp\/v2\/media?parent=1445"}],"curies":[{"name":"wp","href":"https:\/\/api.w.org\/{rel}","templated":true}]}}