{"id":1475,"date":"2021-07-13T21:10:03","date_gmt":"2021-07-13T19:10:03","guid":{"rendered":"https:\/\/interactivemicroeconomics.com\/?page_id=1475"},"modified":"2021-07-14T22:06:58","modified_gmt":"2021-07-14T20:06:58","slug":"equilibrio-de-mercado","status":"publish","type":"page","link":"https:\/\/interactivemicroeconomics.com\/index.php\/es\/ejemplos\/equilibrio-de-mercado\/","title":{"rendered":"Equilibrio de mercado"},"content":{"rendered":"\t\t<div data-elementor-type=\"wp-page\" data-elementor-id=\"1475\" class=\"elementor elementor-1475\">\n\t\t\t\t\t\t<section class=\"elementor-section elementor-top-section elementor-element elementor-element-a03a7d6 elementor-section-boxed elementor-section-height-default elementor-section-height-default\" data-id=\"a03a7d6\" data-element_type=\"section\" data-e-type=\"section\">\n\t\t\t\t\t\t<div class=\"elementor-container elementor-column-gap-default\">\n\t\t\t\t\t<div class=\"elementor-column elementor-col-100 elementor-top-column elementor-element elementor-element-507b8de\" data-id=\"507b8de\" data-element_type=\"column\" data-e-type=\"column\">\n\t\t\t<div class=\"elementor-widget-wrap elementor-element-populated\">\n\t\t\t\t\t\t<div class=\"elementor-element elementor-element-29a139b elementor-widget elementor-widget-html\" data-id=\"29a139b\" data-element_type=\"widget\" data-e-type=\"widget\" data-widget_type=\"html.default\">\n\t\t\t\t<div class=\"elementor-widget-container\">\n\t\t\t\t\t<style>\n.texto  {\n\tpadding: 0px 60px 0px 60px;\n\tmargin: 0px 0px 0px 0px;\n\toverflow:auto;\n\tfont-size:12pt;\n\tcolor: black;\n\ttext-align: justify;\n    text-justify: inter-word;\n\twidth:100%;\n}\n@media screen and (max-width: 750px) {\n  .texto {\n    padding: 0px 20px 0px 20px;\n\t font-size:10pt;\n  }\n}\n\n\n\n.myDefaultFont  {\nfont-size: 20pt\n}\n@media screen and (max-width: 750px) {\n  .myDefaultFont  {\n   font-size: 10pt\n   \n  }\n}\n\n.sol {\n\t\tcolor: green;\n\t\tbackground-color: lightgreen;\n\t\tborder-style: solid;\n\t\tborder-color: brown;border-width: 1px;\n\t\tpadding: 0px 3px 0px 3px;\n\t\tmargin: 5px;\n\t\tfont-size: 11pt;\n\t\tborder-radius:5px;\n\t\tbox-shadow: 0px 0px gray;\n\t\tcursor: pointer;}\n\t.ejemplo {\n\t\tcolor: green;\n\t\tbackground-color: lightgreen;\n\t\tborder: thin solid green;\n\t\tpadding: 4px;\n\t\tborder-radius:8px;\n\t\tbox-shadow: 3px 3px grey;\n\t\tcursor: pointer;\n\t\tfont-size:12pt}\n\n<\/style>\n\n<link rel=\"stylesheet\" type=\"text\/css\" href=\"https:\/\/interactivemicroeconomics.com\/myStyles\/tooltipster.bundle.css\" \/>\n<link rel=\"stylesheet\" type=\"text\/css\" href=\"https:\/\/interactivemicroeconomics.com\/myStyles\/tooltipster-sideTip-light.min.css\" \/>\n<link rel=\"stylesheet\" type=\"text\/css\" href=\"https:\/\/interactivemicroeconomics.com\/myStyles\/tooltipster-sideTip-shadow.min.css\" \/>\n\n<link rel=\"stylesheet\" type=\"text\/css\" href=\"https:\/\/interactivemicroeconomics.com\/myStyles\/jsxgraph.css\" \/>\n\n<script type=\"text\/javascript\" src=\"https:\/\/interactivemicroeconomics.com\/myScripts\/jsxgraphcore.js\"><\/script>\n\n<style>\n\n.tooltipster-sidetip.tooltipster-light.tooltipster-light-customized .tooltipster-box {\n\tcolor: blue;\n\tbackground: gray;\n\tborder: 3px solid green;\n\tborder-radius: 6px;\n\tbox-shadow: 5px 5px 2px 0 rgba(0,0,0,0.4);\n}\n\n.tooltipster-sidetip.tooltipster-light.tooltipster-light-customized .tooltipster-content {\n\tcolor: black;\n\tbackground-color: #E8E89C;\n\tpadding: 5px;\n\tfont-size:12pt;\n\t\n}\n\n.tooltipster-sidetip.tooltipster-shadow.tooltipster-shadow-customized .tooltipster-box {\n\t\/*color: blue;\n\tbackground: gray;\n\tborder: 3px solid red;\n\tborder-radius: 6px;\n\tbox-shadow: 5px 5px 2px 0 rgba(0,0,0,0.4);*\/\n}\n.tooltipster-sidetip.tooltipster-shadow.tooltipster-shadow-customized .tooltipster-content {\n\tcolor: black;\n\tbackground-color: lightyellow;\n\tpadding: 3px;\n\tfont-size:12pt;\n\t\n}\n\n.tooltip_templates { display: none; }\n.tooltip {\n\t\tcolor: blue;\n\t\tcursor: pointer;}\n.tooltipfig {\n\t\tcolor: black;}\n.botondef {\n\t\tborder: none;\n\t\tbackground-color:transparent;\n\t\tpadding: 0px;\n\t\tfont-family:inherit;\n\t\tfont-size:inherit;\n\t\tfont-weight:bolder;\n\t\ttext-decoration: none;\n\t\tcolor: blue;\n\t\tcursor: pointer;\n\t\t}\n\n<\/style>\n\n<script type=\"text\/javascript\" src=\"https:\/\/interactivemicroeconomics.com\/myScripts\/jquery-3.5.1.min.js\"><\/script>\n<script type=\"text\/javascript\" src=\"https:\/\/interactivemicroeconomics.com\/myScripts\/tooltipster.bundle.min.js\"><\/script>\n<script type=\"text\/javascript\" src=\"https:\/\/interactivemicroeconomics.com\/myScripts\/tooltipster-scrollableTip.min.js\"><\/script>\n\n<script type=\"text\/javascript\" src=\"https:\/\/interactivemicroeconomics.com\/myScripts\/options.js\"><\/script>\n\n<script>\n    $(document).ready(function() {\n            $('.tooltip').tooltipster();\n        });\n\t\t\n\t$(document).ready(function() {\n            $('.botondef').tooltipster();\n        });\n\t$(document).ready(function() {\n            $('.btnmark').tooltipster();\n        });\n    $(document).ready(function() {\n            $('.ejemplo').tooltipster();\n        });\n\t$(document).ready(function() {\n            $('.sol').tooltipster();\n        });\t\n\t$(document).ready(function() {\n            $('.resputest').tooltipster();\n        });\n\t$(document).ready(function() {\n            $('.interactivesol').tooltipster();\n        }); \n<\/script>\n<h2>Equilibrio de mercado<\/h2>\n<div class=\"texto\">\n <p> El mercado competitivo de un bien est\u00e1 formado por un gran n\u00famero de compradores, que llamaremos gen\u00e9ricamente consumidores, y un n\u00famero tambi\u00e9n grande de vendedores, que llamaremos productores o empresas.  En un mercado competitivo tanto consumidores como empresas aceptan el precio como dado (no pueden influir sobre \u00e9l).<\/p>\n\n<p>Cada individuo, sea comprador o vendedor, toma sus decisiones de forma independiente de acuerdo con sus propios objetivos,  <a class=\"botondef\"  href=\"\/index.php\/ejemplos\/equilibrio-de-mercado\/def-precio-aceptante\/\">aceptando<\/a> el  <span class=\"tooltip\"  data-tooltip-content=\"#tip1\" > precio de mercado<\/span> vigente y basando en \u00e9l su decisi\u00f3n.<\/p>\n\n<span class=\"tooltip_templates\">\n    <span id=\"tip1\" style=\"maxWidth=400;\" >\n      En un mercado competitivo hay un precio \u00fanico, al que los consumidores pueden comprar y los vendedores vender.\n    <\/span><\/span>\n\n<p>\u00bfFuncionar\u00e1 este mercado correctamente?<\/p>\n\n<p>La curva de demanda de un bien es una funci\u00f3n que dice cu\u00e1l es la cantidad que el conjunto de consumidores demanda (desea comprar) para cada posible precio.<\/p>\n<p align=\"center\"> $Q_{d} = Q_{d}(p)$ <\/p>\n\n<p>De la misma forma, la curva de oferta es una funci\u00f3n que calcula la cantidad del bien que los productores desear\u00edan vender (ofrecer\u00edan) seg\u00fan el precio que encuentren en el mercado.<\/p>\n<p align=\"center\"> $Q_{s} = Q_{s}(p)$ <\/p>\n\n<p><span class=\"ejemplo\" id=\"ejemplo\"><a href=\/index.php\/ejemplos\/equilibrio-de-mercado\/ejemplo-precio-de-equilibrio\/\" style=\"color: green; text-decoration: none ;\" >Ejemplo<\/a>&nbsp;<\/span><\/p>\n\n<p>Como se puede ver en el ejemplo, las curvas de demanda y oferta son independientes una de la otra. Puede ocurrir que dado un precio cualquiera la cantidad demandada y la ofrecida no coincidan. En ese caso algunos agentes no podr\u00e1n hacer efectiva su decisi\u00f3n de compra o de venta.<\/p>\n\n<p>Si la cantidad de producto que las empresas desean vender es mayor que la demandada por los consumidores, decimos que hay un  <em> Exceso de Oferta<\/em> ($Q_{s} \\gt Q_{d}$). Si la desigualdad en en el sentido opuesto, decimos que hay un <em>Exceso de Demanda<\/em> ($Q_{s} < Q_{d}$).<\/p>\n\n<p>Ve\u00e1moslo gr\u00e1ficamente. (la figura corresponde a los datos del ejemplo anterior). Puedes actuar como un <em>regulador<\/em>, y usar el deslizador para elegir el precio que los agentes encontrar\u00e1n al llegar al mercado<\/p>\n\n\n\n\n<\/div> <!-- texto -->\n\n\n\n\n\t\t\t\t<\/div>\n\t\t\t\t<\/div>\n\t\t\t\t\t<\/div>\n\t\t<\/div>\n\t\t\t\t\t<\/div>\n\t\t<\/section>\n\t\t\t\t<section class=\"elementor-section elementor-top-section elementor-element elementor-element-76b424e elementor-section-boxed elementor-section-height-default elementor-section-height-default\" data-id=\"76b424e\" data-element_type=\"section\" data-e-type=\"section\">\n\t\t\t\t\t\t<div class=\"elementor-container elementor-column-gap-default\">\n\t\t\t\t\t<div class=\"elementor-column elementor-col-50 elementor-top-column elementor-element elementor-element-e811a42\" data-id=\"e811a42\" data-element_type=\"column\" data-e-type=\"column\">\n\t\t\t<div class=\"elementor-widget-wrap elementor-element-populated\">\n\t\t\t\t\t\t<div class=\"elementor-element elementor-element-af6bab2 elementor-widget elementor-widget-html\" data-id=\"af6bab2\" data-element_type=\"widget\" data-e-type=\"widget\" data-widget_type=\"html.default\">\n\t\t\t\t<div class=\"elementor-widget-container\">\n\t\t\t\t\t<div align=\"center\"><div id=\"figb\" class=\"jxgbox\" style=\"width:260px; height:240px; border-radius:0pt; border-color:lightgray; border:none \"><\/div>\n<\/div>\t\t\t\t<\/div>\n\t\t\t\t<\/div>\n\t\t\t\t\t<\/div>\n\t\t<\/div>\n\t\t\t\t<div class=\"elementor-column elementor-col-50 elementor-top-column elementor-element elementor-element-d7ed2b9\" data-id=\"d7ed2b9\" data-element_type=\"column\" data-e-type=\"column\">\n\t\t\t<div class=\"elementor-widget-wrap elementor-element-populated\">\n\t\t\t\t\t\t<div class=\"elementor-element elementor-element-94518dd elementor-widget elementor-widget-html\" data-id=\"94518dd\" data-element_type=\"widget\" data-e-type=\"widget\" data-widget_type=\"html.default\">\n\t\t\t\t<div class=\"elementor-widget-container\">\n\t\t\t\t\t<div align=\"center\"><div id=\"controles\" class=\"jxgbox\" style=\"width:200px; height:240px; border-radius:0pt; border-color:lightgray; border:none \"><\/div>\n<\/div>\n\n<script type=\"text\/javascript\"> \n\n    JXG.Options.text.cssClass = 'myDefaultFont';\n\nvar panel = JXG.JSXGraph.initBoard('controles', {boundingbox: [2, 17, 7, 1], \n\tshowNavigation:false, \n\tshowCopyright: false, \n\taxis:false, \n\tpan: {enabled:false},\n\tzoom: {\n  \t\tfactorX: 0,  \/\/ horizontal zoom factor (multiplied to JXG.Board#zoomX)\n  \t\tfactorY: 0,  \/\/ vertical zoom factor (multiplied to JXG.Board#zoomY)\n  \t\twheel: false,     \/\/ allow zooming by mouse wheel or\n  \t\tneedShift: true \/\/ mouse wheel zooming needs pressing of the shift key\n\t\t}\n\t});\n\npanel.create('text',[3,14,'<span>$Q_d(p) = 100 - 2 p$<\/span>'], {fontSize: 14, parse: false, useMathJax:true});\npanel.create('text',[3.3,12,'<span>$Q_s(p) = p - 8$<\/span>'], {fontSize: 14, parse: false, useMathJax:true});\n\npanel.create('text',[2.5, 5,'$p$'], {fontSize: 14, parse: false, useMathJax:true});\nvar precio = panel.create('slider',[[3.2,5],[6,5],[18, 40, +48]], {\n\t\tname:'Para', \n\t\tsize:3, \tsnapWidth: 1,\n\t\twithLabel: false,\n\t\twithTicks: false, \n\t\tstrokeWidth:1,\n\t\tfillColor: 'lightgray', \n\t\tstrokeColor: 'gray',\n\t\tbaseline: {strokeWidth:3, strokeColor:'gray', linecap: 'round'},\n\t\thighline: {strokeWidth:0}});\n\t\t\npanel.create('text',[6.5, 5,function(){return JXG.toFixed(precio.Value(), 0);}], {fontSize: 14 });\n\n\npanel.create('text',[3.5,10,'<span>$Q_d($<\/span>'], {fontSize: 14, parse: false, useMathJax:true});\npanel.create('text',[4.3,10, function(){return precio.Value()}], {fontSize: 14, parse: false, useMathJax:true});\npanel.create('text',[4.8,10,') = '], {fontSize: 14, parse: false, useMathJax:true});\n\npanel.create('text',[5.5,10, function(){return 100 - 2* precio.Value()}], {fontSize: 14, parse: false, useMathJax:true});\n\npanel.create('text',[3.5,8,'<span>$Q_s($<\/span>'], {fontSize: 14, parse: false, useMathJax:true});\npanel.create('text',[4.3,8, function(){return precio.Value()}], {fontSize: 14, parse: false, useMathJax:true});\npanel.create('text',[4.8,8,') = '], {fontSize: 14, parse: false, useMathJax:true});\n\npanel.create('text',[5.5,8, function(){return precio.Value() - 8}], {fontSize: 14, parse: false, useMathJax:true});\n\n\n\n\n\n<\/script>\n\n<script>\nJXG.Options.axis.ticks.majorHeight = 2;\nJXG.Options.axis.ticks.minorHeight = 1;\nvar figurab = JXG.JSXGraph.initBoard('figb', {\n  boundingbox:[-10, 60, 72,-5],\n  axis:false, \n  grid:false,\n  pan: {enabled:false},\n  showCopyright:false, \n  showNavigation: false,\n  zoom: {\n  \t\tfactorX: 0,  \/\/ horizontal zoom factor (multiplied to JXG.Board#zoomX)\n  \t\tfactorY: 0,  \/\/ vertical zoom factor (multiplied to JXG.Board#zoomY)\n  \t\twheel: false,     \/\/ allow zooming by mouse wheel or\n  \t\tneedShift: true \/\/ mouse wheel zooming needs pressing of the shift key\n\t\t},\n\t\tshowScreenshot:false\n }\n);\npanel.addChild(figurab);\nfigurab.addChild(panel);\n\n\nvar xaxis = figurab.create('axis',\n\t[ [0,0],[64,0] ], {\n\t name: '$Q$',\n\t withlabel: false, \n\tstraightLast: false,\n\t strokeWidth: 1,\n\t label: {offset: [230, 2], fontSize:12, useMathJax:true}, \/\/ Doesn't do anything here.\n\t drawZero:false, \/\/ Doesn't do anything here.\n\tstrokeColor: 'black', straightFirst: false, lastArrow: false, highlight:false}\n); \nxaxis.removeAllTicks();\nfigurab.create('ticks', [xaxis, 10], { \/\/ The number here is the distance between Major ticks\n\tminorHeight: 4,\n\tstrokeWidth: 1,\n\tstrokeColor:'black',\n\tmajorHeight: 8, \/\/ Need this because the JXG.Options one doesn't apply\n\tdrawLabels:true, \n\tlabel: {offset: [-3, -10], fontSize:11},\n\tminorTicks:1, \/\/ The NUMBER of small ticks between each Major tick\n\tdrawZero:false,\n\ttickEndings: [1,0] }\n);\n\n\nvar yaxis = figurab.create('axis',\t[ [0,0],[0,54] ], {\n\tstrokeColor: 'black', \n\tstraightLast: false,\n\tstrokeWidth: 1, \n\tname: '$p_1$',\n\twithlabel: false, \n\tlabel: {offset: [-5, 215], fontSize:12, useMathJax:true},\n\tstraightFirst: false, \n\tlastArrow: false,\n\thighlight:false});\nyaxis.removeAllTicks();\n\nfigurab.create('ticks', [yaxis, 10], {\n\tstrokeColor:'black',\n\tmajorHeight: 8, \/\/ Need this because the JXG.Options one doesn't apply\n\tdrawLabels:true, \/\/ Only works for equidistant ticks\n\tlabel: {offset: [-18, -1], fontSize:11},\n\tminorTicks:1, \/\/ The NUMBER of small ticks between each Major tick\n\tdrawZero: false,\n\ttickEndings: [0,1]\n }\n);\n\nfigurab.create('text', [66, 0,'$Q$'], {fontSize:13, useMathJax:true, parse:false});\n\nfigurab.create('text', [0, 58,'$p$'], {fontSize:13, useMathJax:true, parse:false});\n\n var curvadem = function(x) { return 50-0.5*x; };\n var curvaofer = function(x) { return x+ 8; };\n\n  \nfigurab.create('functiongraph', [function(x){return curvadem(x)}, 0, 64], {strokeColor:'blue',opacity:1,  strokeWidth: '2', layer:'1'});\nfigurab.create('functiongraph', [function(x){return curvaofer(x)}, 0, 64], {strokeColor:'orange',opacity:1,  strokeWidth: '2', layer:'1'});\n\nfigurab.create('text', [60,24,'$Q_d(p)$'], {fontSize:13, useMathJax:true});\nfigurab.create('text', [45,50,'$Q_s(p)$'], {fontSize:13, useMathJax:true});\n\nvar puntod = figurab.create('point', [ function(){return 100 - 2* precio.Value()}, function(){return precio.Value()}], {withLabel: false, color:function(){return (precio.Value()==36) ? 'red' : 'gray'}, size:1.5});\nfigurab.create('segment', [[function(){return puntod.X()}, 0], [function(){return puntod.X()}, function(){return puntod.Y()}]], {color:'gray', dash:2});\n\nvar puntos = figurab.create('point', [ function(){return precio.Value()- 8}, function(){return precio.Value()}], {withLabel: false, color:function(){return (precio.Value()==36) ? 'red' : 'gray'}, size:1.5});\nfigurab.create('segment', [[0, function(){return puntos.Y()}], [function(){return Math.max(puntos.X(), puntod.X())}, function(){return puntos.Y()}]], {color:'gray', dash:2});\nfigurab.create('segment', [[function(){return puntos.X()}, 0], [function(){return puntos.X()}, function(){return puntos.Y()}]], {color:'gray', dash:2});\n\nfigurab.create('text', [function(){return Math.abs( 92-precio.Value())\/2 -2},function(){return (precio.Value()>36) ? precio.Value()+3 : precio.Value()-3 }, function(){return (precio.Value()>36) ? 'ES': 'ED'}], {fontSize:13, useMathJax:true, visible:function(){return (precio.Value()==36) ? false: true} });\n\nfigurab.create('segment', [function(){return puntos}, function(){return puntod}], {color:'red', visible:function(){return (precio.Value()==36) ? false: true}});\n\n\n\n\nfigurab.create('polygon' ,[[0 ,54], [74, 54], [74, 60], [0, 60]],{layer:8, borders: { visible:false, color:'black'},vertices: {visible: false, fixed:true}, color:'white', highlight:false, opacity:1});\n\n<\/script>\n\t\t\t\t<\/div>\n\t\t\t\t<\/div>\n\t\t\t\t\t<\/div>\n\t\t<\/div>\n\t\t\t\t\t<\/div>\n\t\t<\/section>\n\t\t\t\t<section class=\"elementor-section elementor-top-section elementor-element elementor-element-6bc7c81 elementor-section-boxed elementor-section-height-default elementor-section-height-default\" data-id=\"6bc7c81\" data-element_type=\"section\" data-e-type=\"section\">\n\t\t\t\t\t\t<div class=\"elementor-container elementor-column-gap-default\">\n\t\t\t\t\t<div class=\"elementor-column elementor-col-100 elementor-top-column elementor-element elementor-element-087358a\" data-id=\"087358a\" data-element_type=\"column\" data-e-type=\"column\">\n\t\t\t<div class=\"elementor-widget-wrap elementor-element-populated\">\n\t\t\t\t\t\t<div class=\"elementor-element elementor-element-f094c92 elementor-widget elementor-widget-html\" data-id=\"f094c92\" data-element_type=\"widget\" data-e-type=\"widget\" data-widget_type=\"html.default\">\n\t\t\t\t<div class=\"elementor-widget-container\">\n\t\t\t\t\t<div class=\"texto\">\n    \n<ul>\n    <li>\u00bfCu\u00e1ndo habr\u00e1 un Exceso de Oferta (ES)? <span class=\"sol\"  data-tooltip-content=\"#tip2\" >Sol.<\/span> \n<div class=\"tooltip_templates\">\n    <span id=\"tip2\" style=\"maxWidth=400;\" >\nCuando el precio sea demasiado alto; los consumidores no demandar\u00e1n mucho, mientras que los vendedores estar\u00b4\u00e1n interesados en vender mucho. Sobrar\u00e1 producto.\n   <\/span><\/div><\/li>\n   \n   <li>\u00bfY cu\u00e1ndo un Exceso de Demanda (ED)? <span class=\"sol\"  data-tooltip-content=\"#tip3\" >Sol.<\/span> \n<div class=\"tooltip_templates\">\n    <span id=\"tip3\" style=\"maxWidth=400;\" >\nUn precio demasiado bajo hace que las empresas est\u00e9n poco dispuestas a vender producto, mientras que los consumidores desear\u00edan comprar mucho. No todos los compradores encontrar\u00e1n qui\u00e9n les venda.\n   <\/span><\/div><\/li>\n   <li>\u00bfPuedes encontrar un precio al que no haya ni demasiado producto ni demasiado poco? \u00bfC\u00f3mo expresar\u00edas la respuesta en t\u00e9rminos gr\u00e1ficos? <span class=\"sol\"  data-tooltip-content=\"#tip4\" >Sol.<\/span> \n<div class=\"tooltip_templates\">\n    <span id=\"tip4\" style=\"maxWidth=400;\" >\nEl precio al que la cantidad demandada coincide con la cantidad ofrecida es el que corresponde al punto de corte entre la curva de demanda y la de oferta.\n   <\/span><\/div><\/li>\n<\/ul>\n\n<p>Llamamos <strong>precio de equilibrio<\/strong> al precio al que el mercado  <em>se vac\u00eda,<\/em> esto es, la cantidad demandada es igual a la ofrecida, de forma que no hay no Exceso de demanda ni  Exceso de Oferta. En el equilibrio todos los actores (consumidores y productores) pueden hacer efectivas sus decisiones \u00f3ptimas dado el precio vigente.<\/p>\n\n<h3>C\u00e1lculo del equilibrio<\/h3>\n\n<p>Dada la definici\u00f3n previa, para calcular el precio correspondiente al equilibrio planteamos y resolvemos la ecuaci\u00f3n que resulta de igualar las funciones de demanda y oferta:<\/p>\n<p align=\"center\"> \\[ Q_d(p) = Q_s(p) \\quad \\Longrightarrow \\quad p^* \\]<\/p>\n\n<p><span class=\"ejemplo\" data-tooltip-content=\"#tip5\" >Example<\/span>\n<div class=\"tooltip_templates\">\n    <span id=\"tip5\" style=\"maxWidth=400;\" >\nCon los datos anteriores, $Q_d=100 - 2p$ y $Q_s=p-8$, la ecuaci\u00f3n queda:\n\\[ Q_d(p) = Q_s(p) \\quad \\Longrightarrow \\quad 100 - 2p = p - 8 \\]\nResolviendo la ecuaci\u00f3n tenemos que $p^*= \\frac{108}{3}= 36$. <br>En el precio de equilibrio,  $p^*=36$, la cantidad intercambiada (no importa si usamos la funci\u00f3n de oferta o la de demanda para hacer el c\u00e1lculo) ser\u00b4 $q^*=28$.\n   <\/span><\/div><\/p>\n   \n<p>\u00bf\u00e1Y qui\u00e9n se encarga de calcular el precio de equilibrio para que el mercado funcione correctamente?<\/p>\n\n<p>Uno de los principales atractivos del concepto de equilibrio competitivo es que no hace falta una intervenci\u00f3n externa para alcanzarlo.\n\u00bfQu\u00e9 ocurrir\u00e1 en un mercado si el precio es demasiado alto y aparece un Exceso de Oferta? Intuitivamente esperar\u00edamos  que los vendedores que no han sido capaces de vender su producto intenten ofrecerlo m\u00e1s barato para al menos vender algo. Esto animar\u00eda a los consumidores a comprar m\u00e1s (y ante las ofertas estar\u00e1n poco dispuestos a comprar al precio original). El Exceso de Oferta disparar\u00eda un proceso de reducci\u00f3n del precio.<\/p>\n<p>En el caso de un Exceso de Demanda esperar\u00edamos un efecto similar en direcci\u00f3n opuesta. La escasez de producto empujar\u00eda el precio al alza. En ambos casos el proceso parar\u00eda cuando se alcanzara el precio de equilibrio (desapareciendo el Exceso de oferta o demanda que lo provocaba).<\/p>\n\n    \n    <p>Los mecanismos que en caso de desequilibrio empujan al precio hacia el nivel correcto se denominan  gen\u00e9ricamente como las  <span class=\"tooltip\"  data-tooltip-content=\"#tip7\" >\"fuerzas del mercado\".<\/span><\/p>\n\n<span class=\"tooltip_templates\">\n    <span id=\"tip7\" style=\"maxWidth=400;\" >\n     Deber\u00eda quedar claro que nuestra definici\u00f3n de equilibrio es de car\u00e1cter It should be clear that our definition of equilibrium is <em>\u00b4\u00e9st\u00e1tico.<\/em> Un precio es de equilibrio o no lo es. Las fuerzas del mercado son un concepto <em>din\u00e1mico,<\/em> que se preguta sobre c\u00b4\u00f3mo las variables se mueven en el tiempo (si 'hoy' hay un Exceso de Demanda, 'ma\u00f1ana' veremos una respuesta por parte del mercado).<br>\n     El modelo b\u00e1sico que nosotros construimos no contiene elementos din\u00e1micos. Cuando hablamos de las fuerzas del mercado lo hacemos de manera intuitva, no formal. Para hablar propiamente de estabilidad (o inestabilidad) del equilibrio ser\u00eda necesario usar modelos din\u00b4\u00e1micos, matem\u00e1ticamente m\u00e1s avanzados y fuera del alcance de un curso de Microeconom\u00eda Intermedia.\n\n    <\/span><\/span>\n\n<\/div>\n<script>\n       \n\t\t\n\t$('.tooltip').tooltipster({\n    \t\ttheme: ['tooltipster-light', 'tooltipster-light-customized'],\n\t\t\ttrigger: 'click',\n\t\t\tmaxWidth: '250',\n\t\t\tinteractive: true\n\n\t\t});\n     \n\t$('.tooltipfig').tooltipster({\n    \t\ttheme: ['tooltipster-light', 'tooltipster-light-customized'],\n\t\t\ttrigger: 'click',\n\t\t\tmaxWidth: '150'\n\t\t});\n\n\t$('.botondef').tooltipster({\n    \t\ttheme: ['tooltipster-light', 'tooltipster-light-customized'],\n\t\t\tmaxWidth: '250'\n\t\t});\n\t$('.btnmark').tooltipster({\n    \t\ttheme: ['tooltipster-light', 'tooltipster-light-customized'],\n\t\t\tmaxWidth: '250'\n\t\t});\n\t$('.ejemplo').tooltipster({\n    \t\ttheme: ['tooltipster-light', 'tooltipster-light-customized'],\n\t\t\tplugins: ['sideTip', 'scrollableTip'],\n\t\t\ttrigger: 'click',\n\t\t\tmaxWidth: '450',\n\t\t\tinteractive: true\n\t\t});\n\t$('.sol').tooltipster({\n    \t\ttheme: ['tooltipster-light', 'tooltipster-light-customized'],\n\t\t\tplugins: ['sideTip', 'scrollableTip'],\n\t\t\ttrigger: 'click',\n\t\t\tmaxWidth: '220',\n\t\t\tinteractive: true\n\t\t});\n\t\n\t$('.resputest').tooltipster({\n\t   \t\ttheme: ['tooltipster-shadow', 'tooltipster-shadow-customized'],\n\t\t\ttrigger: 'custom',\n\t\t\tinteractive: true,\n   \t\t\ttriggerOpen: {\n        \t\t\/\/click: true,\n        \t\t\/\/tap: true\n   \t\t\t },\n    \t\ttriggerClose: {\n        \t\tclick: true,\n        \t\ttap: true\n   \t\t\t },\n\t\t\tmaxWidth: '250'\n\t\t});\n\t\t\n\t\t$('.interactivesol').tooltipster({\n    \t\ttheme: ['tooltipster-light', 'tooltipster-light-customized'],\n\t\t\tplugins: ['sideTip', 'scrollableTip'],\n\t\t\ttrigger: 'click',\n\t\t\tmaxWidth: '220',\n\t\t\tinteractive: true\n\t\t});\n\t\n    <\/script>\t\t\t\t<\/div>\n\t\t\t\t<\/div>\n\t\t\t\t\t<\/div>\n\t\t<\/div>\n\t\t\t\t\t<\/div>\n\t\t<\/section>\n\t\t\t\t<\/div>\n\t\t","protected":false},"excerpt":{"rendered":"<p>Equilibrio de mercado El mercado competitivo de un bien est\u00e1 formado por un gran n\u00famero de compradores, que llamaremos gen\u00e9ricamente consumidores, y un n\u00famero tambi\u00e9n grande de vendedores, que llamaremos productores o empresas. En un mercado competitivo tanto consumidores como empresas aceptan el precio como dado (no pueden influir sobre \u00e9l). Cada individuo, sea comprador &hellip; <\/p>\n<p class=\"link-more\"><a href=\"https:\/\/interactivemicroeconomics.com\/index.php\/es\/ejemplos\/equilibrio-de-mercado\/\" class=\"more-link\">Continue reading<span class=\"screen-reader-text\"> &#8220;Equilibrio de mercado&#8221;<\/span><\/a><\/p>\n","protected":false},"author":3,"featured_media":0,"parent":1445,"menu_order":0,"comment_status":"closed","ping_status":"closed","template":"elementor_header_footer","meta":{"_monsterinsights_skip_tracking":false,"_monsterinsights_sitenote_active":false,"_monsterinsights_sitenote_note":"","_monsterinsights_sitenote_category":0,"footnotes":""},"class_list":["post-1475","page","type-page","status-publish","hentry"],"_links":{"self":[{"href":"https:\/\/interactivemicroeconomics.com\/index.php\/wp-json\/wp\/v2\/pages\/1475","targetHints":{"allow":["GET"]}}],"collection":[{"href":"https:\/\/interactivemicroeconomics.com\/index.php\/wp-json\/wp\/v2\/pages"}],"about":[{"href":"https:\/\/interactivemicroeconomics.com\/index.php\/wp-json\/wp\/v2\/types\/page"}],"author":[{"embeddable":true,"href":"https:\/\/interactivemicroeconomics.com\/index.php\/wp-json\/wp\/v2\/users\/3"}],"replies":[{"embeddable":true,"href":"https:\/\/interactivemicroeconomics.com\/index.php\/wp-json\/wp\/v2\/comments?post=1475"}],"version-history":[{"count":22,"href":"https:\/\/interactivemicroeconomics.com\/index.php\/wp-json\/wp\/v2\/pages\/1475\/revisions"}],"predecessor-version":[{"id":1568,"href":"https:\/\/interactivemicroeconomics.com\/index.php\/wp-json\/wp\/v2\/pages\/1475\/revisions\/1568"}],"up":[{"embeddable":true,"href":"https:\/\/interactivemicroeconomics.com\/index.php\/wp-json\/wp\/v2\/pages\/1445"}],"wp:attachment":[{"href":"https:\/\/interactivemicroeconomics.com\/index.php\/wp-json\/wp\/v2\/media?parent=1475"}],"curies":[{"name":"wp","href":"https:\/\/api.w.org\/{rel}","templated":true}]}}