{"id":1511,"date":"2021-07-14T19:46:54","date_gmt":"2021-07-14T17:46:54","guid":{"rendered":"https:\/\/interactivemicroeconomics.com\/?page_id=1511"},"modified":"2021-07-15T13:11:54","modified_gmt":"2021-07-15T11:11:54","slug":"ejemplo-precio-de-equilibrio","status":"publish","type":"page","link":"https:\/\/interactivemicroeconomics.com\/index.php\/es\/ejemplos\/equilibrio-de-mercado\/ejemplo-precio-de-equilibrio\/","title":{"rendered":"Ejemplo: precio de equilibrio"},"content":{"rendered":"\t\t<div data-elementor-type=\"wp-page\" data-elementor-id=\"1511\" class=\"elementor elementor-1511\">\n\t\t\t\t\t\t<section class=\"elementor-section elementor-top-section elementor-element elementor-element-eb73c6c elementor-section-boxed elementor-section-height-default elementor-section-height-default\" data-id=\"eb73c6c\" data-element_type=\"section\" data-e-type=\"section\">\n\t\t\t\t\t\t<div class=\"elementor-container elementor-column-gap-default\">\n\t\t\t\t\t<div class=\"elementor-column elementor-col-100 elementor-top-column elementor-element elementor-element-0332b3a\" data-id=\"0332b3a\" data-element_type=\"column\" data-e-type=\"column\">\n\t\t\t<div class=\"elementor-widget-wrap elementor-element-populated\">\n\t\t\t\t\t\t<div class=\"elementor-element elementor-element-3f5661a elementor-widget elementor-widget-html\" data-id=\"3f5661a\" data-element_type=\"widget\" data-e-type=\"widget\" data-widget_type=\"html.default\">\n\t\t\t\t<div class=\"elementor-widget-container\">\n\t\t\t\t\t<style>\n.texto  {\n\tpadding: 0px 60px 0px 60px;\n\tmargin: 0px 0px 0px 0px;\n\toverflow:auto;\n\tfont-size:12pt;\n\tcolor: black;\n\ttext-align: justify;\n    text-justify: inter-word;\n\twidth:100%;\n}\n@media screen and (max-width: 750px) {\n  .texto {\n    padding: 0px 20px 0px 20px;\n\t font-size:10pt;\n  }\n}\n<\/style>\n\n<link rel=\"stylesheet\" type=\"text\/css\" href=\"https:\/\/interactivemicroeconomics.com\/myStyles\/tooltipster.bundle.css\" \/>\n<link rel=\"stylesheet\" type=\"text\/css\" href=\"https:\/\/interactivemicroeconomics.com\/myStyles\/tooltipster-sideTip-light.min.css\" \/>\n<link rel=\"stylesheet\" type=\"text\/css\" href=\"https:\/\/interactivemicroeconomics.com\/myStyles\/tooltipster-sideTip-shadow.min.css\" \/>\n\n<style>\n.sol {\n\t\tcolor: green;\n\t\tbackground-color: lightgreen;\n\t\tborder-style: solid;\n\t\tborder-color: brown;border-width: 1px;\n\t\tpadding: 0px 3px 0px 3px;\n\t\tmargin: 5px;\n\t\tfont-size: 12pt;\n\t\tborder-radius:5px;\n\t\tbox-shadow: 0px 0px gray;\n\t\tcursor: pointer;}\n\t\t\n.tooltipster-sidetip.tooltipster-light.tooltipster-light-customized .tooltipster-box {\n\tcolor: blue;\n\tbackground: gray;\n\tborder: 3px solid green;\n\tborder-radius: 6px;\n\tbox-shadow: 5px 5px 2px 0 rgba(0,0,0,0.4);\n}\n\n.tooltipster-sidetip.tooltipster-light.tooltipster-light-customized .tooltipster-content {\n\tcolor: black;\n\tbackground-color: #E8E89C;\n\tpadding: 5px;\n\tfont-size:12pt;\n\t\n}\n\n.tooltipster-sidetip.tooltipster-shadow.tooltipster-shadow-customized .tooltipster-box {\n\t\/*color: blue;\n\tbackground: gray;\n\tborder: 3px solid red;\n\tborder-radius: 6px;\n\tbox-shadow: 5px 5px 2px 0 rgba(0,0,0,0.4);*\/\n}\n.tooltipster-sidetip.tooltipster-shadow.tooltipster-shadow-customized .tooltipster-content {\n\tcolor: black;\n\tbackground-color: lightyellow;\n\tpadding: 3px;\n\tfont-size:12pt;\n\t\n}\n\n.tooltip_templates { display: none; }\n.tooltip {\n\t\tcolor: blue;\n\t\tcursor: pointer;}\n.tooltipfig {\n\t\tcolor: black;}\n.botondef {\n\t\tborder: none;\n\t\tbackground-color:transparent;\n\t\tpadding: 0px;\n\t\tfont-family:inherit;\n\t\tfont-size:inherit;\n\t\tfont-weight:bolder;\n\t\ttext-decoration: none;\n\t\tcolor: blue;\n\t\tcursor: pointer;\n\t\t}\n\n<\/style>\n\n<script type=\"text\/javascript\" src=\"https:\/\/interactivemicroeconomics.com\/myScripts\/jquery-3.5.1.min.js\"><\/script>\n<script type=\"text\/javascript\" src=\"https:\/\/interactivemicroeconomics.com\/myScripts\/tooltipster.bundle.min.js\"><\/script>\n<script type=\"text\/javascript\" src=\"https:\/\/interactivemicroeconomics.com\/myScripts\/tooltipster-scrollableTip.min.js\"><\/script>\n\n<script>\n    $(document).ready(function() {\n            $('.tooltip').tooltipster();\n        });\n\t\t\n\t$(document).ready(function() {\n            $('.botondef').tooltipster();\n        });\n\t$(document).ready(function() {\n            $('.btnmark').tooltipster();\n        });\n    $(document).ready(function() {\n            $('.ejemplo').tooltipster();\n        });\n\t$(document).ready(function() {\n            $('.sol').tooltipster();\n        });\t\n\t$(document).ready(function() {\n            $('.resputest').tooltipster();\n        });\n\t$(document).ready(function() {\n            $('.interactivesol').tooltipster();\n        }); \n<\/script>\n<h2>Ejemplo: Precio de equilibrio<\/h2>\n<div class=\"texto\">\n <p> Las curvas de demanda y oferta vienen dadas por:<\/p>\n <p align=\"center\"> $Q_{d} =100 - 2 \\cdot p \\quad \\quad Q_{s} = p - 8 $ <\/p>\n <ul>\n     <li>\u00bfCu\u00e1nto bien $q$ demandar\u00e1n los consumidores si el precio es $p=40$ ? <span class=\"sol\"  data-tooltip-content=\"#tip1\" >Sol.<\/span> \n<div class=\"tooltip_templates\">\n    <span id=\"tip1\" style=\"maxWidth=400;\" >\n$Q_{d}(40)=100-2 \\cdot 40 = 20$ <br> Demandar\u00e1n 20 unidades.\n   <\/span><\/div><\/li>\n   \n   <li>\u00bfY cu\u00e1nto ofrecer\u00e1n los productores? <span class=\"sol\"  data-tooltip-content=\"#tip2\" >Sol.<\/span> \n<div class=\"tooltip_templates\">\n    <span id=\"tip2\" style=\"maxWidth=400;\" >\n$Q_{s}(40)=40- 8 = 32$ <br> Ofrecer\u00e1n 32 unidades.\n   <\/span><\/div><\/li>\n   \n   <li>\u00bfQu\u00e9 ocurrir\u00e1 entonces en el mercado?<span class=\"sol\"  data-tooltip-content=\"#tip3\" >Sol.<\/span> \n<div class=\"tooltip_templates\">\n    <span id=\"tip3\" style=\"maxWidth=400;\" >\nAlgunos productores no pueden vender todo lo que quieren, al no encontrar comprador.\n   <\/span><\/div><\/li>\n   \n   <li>\u00bfY si el precio fuera $p=30$? <span class=\"sol\"  data-tooltip-content=\"#tip4\" >Sol.<\/span> \n<div class=\"tooltip_templates\">\n    <span id=\"tip4\" style=\"maxWidth=400;\" >\nAhora la cantidad demandada ser\u00eda  $Q_{d}(30)=100-2\\cdot 30=40$, y la ofrecida $Q_{s}(30)= 30-8=22$. No habr\u00e1 suficiente producci\u00f3n para abastecer a toda la demanda.\n   <\/span><\/div><\/li>\n   \n   <li>Finalmente, \u00bfque pasar\u00eda si el precio fuera  $p=36$? <span class=\"sol\"  data-tooltip-content=\"#tip5\" >Sol.<\/span> \n<div class=\"tooltip_templates\">\n    <span id=\"tip5\" style=\"maxWidth=400;\" >\nLa cantidad demandada ser\u00eda  $Q_{d}(36)=100 - 2\\cdot 36 = 28,$ y la ofrecida $Q_{s}(36)=36-8 = 28.$ Al precio 36 cantidad demandada y cantidad ofrecida coinciden. Todos los agentes pueden hacer efectiva su decisi\u00f3n. El mercado est\u00b4\u00e1 en equilibrio.\n   <\/span><\/div><\/li>\n   \n <\/ul>\n\n\n\n\n<\/div> <!-- texto -->\n\n\n\n\n<script>\n       \n\t\t\n\t$('.tooltip').tooltipster({\n    \t\ttheme: ['tooltipster-light', 'tooltipster-light-customized'],\n\t\t\ttrigger: 'click',\n\t\t\tmaxWidth: '250',\n\t\t\tinteractive: true\n\n\t\t});\n     \n\t$('.tooltipfig').tooltipster({\n    \t\ttheme: ['tooltipster-light', 'tooltipster-light-customized'],\n\t\t\ttrigger: 'click',\n\t\t\tmaxWidth: '150'\n\t\t});\n\n\t$('.botondef').tooltipster({\n    \t\ttheme: ['tooltipster-light', 'tooltipster-light-customized'],\n\t\t\tmaxWidth: '250'\n\t\t});\n\t$('.btnmark').tooltipster({\n    \t\ttheme: ['tooltipster-light', 'tooltipster-light-customized'],\n\t\t\tmaxWidth: '250'\n\t\t});\n\t$('.ejemplo').tooltipster({\n    \t\ttheme: ['tooltipster-light', 'tooltipster-light-customized'],\n\t\t\tplugins: ['sideTip', 'scrollableTip'],\n\t\t\ttrigger: 'click',\n\t\t\tmaxWidth: '450',\n\t\t\tinteractive: true\n\t\t});\n\t$('.sol').tooltipster({\n    \t\ttheme: ['tooltipster-light', 'tooltipster-light-customized'],\n\t\t\tplugins: ['sideTip', 'scrollableTip'],\n\t\t\ttrigger: 'click',\n\t\t\tmaxWidth: '220',\n\t\t\tinteractive: true\n\t\t});\n\t\n\t$('.resputest').tooltipster({\n\t   \t\ttheme: ['tooltipster-shadow', 'tooltipster-shadow-customized'],\n\t\t\ttrigger: 'custom',\n\t\t\tinteractive: true,\n   \t\t\ttriggerOpen: {\n        \t\t\/\/click: true,\n        \t\t\/\/tap: true\n   \t\t\t },\n    \t\ttriggerClose: {\n        \t\tclick: true,\n        \t\ttap: true\n   \t\t\t },\n\t\t\tmaxWidth: '250'\n\t\t});\n\t\t\n\t\t$('.interactivesol').tooltipster({\n    \t\ttheme: ['tooltipster-light', 'tooltipster-light-customized'],\n\t\t\tplugins: ['sideTip', 'scrollableTip'],\n\t\t\ttrigger: 'click',\n\t\t\tmaxWidth: '220',\n\t\t\tinteractive: true\n\t\t});\n\t\n    <\/script>\t\t\t\t<\/div>\n\t\t\t\t<\/div>\n\t\t\t\t<div class=\"elementor-element elementor-element-605c029 elementor-align-right elementor-widget elementor-widget-button\" data-id=\"605c029\" data-element_type=\"widget\" data-e-type=\"widget\" data-widget_type=\"button.default\">\n\t\t\t\t<div class=\"elementor-widget-container\">\n\t\t\t\t\t\t\t\t\t<div class=\"elementor-button-wrapper\">\n\t\t\t\t\t<a class=\"elementor-button elementor-button-link elementor-size-sm\" href=\"https:\/\/interactivemicroeconomics.com\/index.php\/ejemplos\/equilibrio-de-mercado\/\">\n\t\t\t\t\t\t<span class=\"elementor-button-content-wrapper\">\n\t\t\t\t\t\t\t\t\t<span class=\"elementor-button-text\">Volver<\/span>\n\t\t\t\t\t<\/span>\n\t\t\t\t\t<\/a>\n\t\t\t\t<\/div>\n\t\t\t\t\t\t\t\t<\/div>\n\t\t\t\t<\/div>\n\t\t\t\t\t<\/div>\n\t\t<\/div>\n\t\t\t\t\t<\/div>\n\t\t<\/section>\n\t\t\t\t<\/div>\n\t\t","protected":false},"excerpt":{"rendered":"<p>Ejemplo: Precio de equilibrio Las curvas de demanda y oferta vienen dadas por: $Q_{d} =100 &#8211; 2 cdot p quad quad Q_{s} = p &#8211; 8 $ \u00bfCu\u00e1nto bien $q$ demandar\u00e1n los consumidores si el precio es $p=40$ ? Sol. $Q_{d}(40)=100-2 cdot 40 = 20$ Demandar\u00e1n 20 unidades. \u00bfY cu\u00e1nto ofrecer\u00e1n los productores? Sol. $Q_{s}(40)=40- &hellip; <\/p>\n<p class=\"link-more\"><a href=\"https:\/\/interactivemicroeconomics.com\/index.php\/es\/ejemplos\/equilibrio-de-mercado\/ejemplo-precio-de-equilibrio\/\" class=\"more-link\">Continue reading<span class=\"screen-reader-text\"> &#8220;Ejemplo: precio de equilibrio&#8221;<\/span><\/a><\/p>\n","protected":false},"author":3,"featured_media":0,"parent":1475,"menu_order":0,"comment_status":"closed","ping_status":"closed","template":"elementor_header_footer","meta":{"_monsterinsights_skip_tracking":false,"_monsterinsights_sitenote_active":false,"_monsterinsights_sitenote_note":"","_monsterinsights_sitenote_category":0,"footnotes":""},"class_list":["post-1511","page","type-page","status-publish","hentry"],"_links":{"self":[{"href":"https:\/\/interactivemicroeconomics.com\/index.php\/wp-json\/wp\/v2\/pages\/1511","targetHints":{"allow":["GET"]}}],"collection":[{"href":"https:\/\/interactivemicroeconomics.com\/index.php\/wp-json\/wp\/v2\/pages"}],"about":[{"href":"https:\/\/interactivemicroeconomics.com\/index.php\/wp-json\/wp\/v2\/types\/page"}],"author":[{"embeddable":true,"href":"https:\/\/interactivemicroeconomics.com\/index.php\/wp-json\/wp\/v2\/users\/3"}],"replies":[{"embeddable":true,"href":"https:\/\/interactivemicroeconomics.com\/index.php\/wp-json\/wp\/v2\/comments?post=1511"}],"version-history":[{"count":13,"href":"https:\/\/interactivemicroeconomics.com\/index.php\/wp-json\/wp\/v2\/pages\/1511\/revisions"}],"predecessor-version":[{"id":1614,"href":"https:\/\/interactivemicroeconomics.com\/index.php\/wp-json\/wp\/v2\/pages\/1511\/revisions\/1614"}],"up":[{"embeddable":true,"href":"https:\/\/interactivemicroeconomics.com\/index.php\/wp-json\/wp\/v2\/pages\/1475"}],"wp:attachment":[{"href":"https:\/\/interactivemicroeconomics.com\/index.php\/wp-json\/wp\/v2\/media?parent=1511"}],"curies":[{"name":"wp","href":"https:\/\/api.w.org\/{rel}","templated":true}]}}