{"id":1521,"date":"2021-07-14T19:49:36","date_gmt":"2021-07-14T17:49:36","guid":{"rendered":"https:\/\/interactivemicroeconomics.com\/?page_id=1521"},"modified":"2021-09-02T13:32:32","modified_gmt":"2021-09-02T11:32:32","slug":"el-consumidor","status":"publish","type":"page","link":"https:\/\/interactivemicroeconomics.com\/index.php\/es\/las-apps\/el-consumidor\/","title":{"rendered":"El consumidor"},"content":{"rendered":"\t\t<div data-elementor-type=\"wp-page\" data-elementor-id=\"1521\" class=\"elementor elementor-1521\">\n\t\t\t\t\t\t<section class=\"elementor-section elementor-top-section elementor-element elementor-element-bb0849e elementor-section-boxed elementor-section-height-default elementor-section-height-default\" data-id=\"bb0849e\" data-element_type=\"section\" data-e-type=\"section\">\n\t\t\t\t\t\t<div class=\"elementor-container elementor-column-gap-default\">\n\t\t\t\t\t<div class=\"elementor-column elementor-col-66 elementor-top-column elementor-element elementor-element-25773f2\" data-id=\"25773f2\" data-element_type=\"column\" data-e-type=\"column\">\n\t\t\t<div class=\"elementor-widget-wrap elementor-element-populated\">\n\t\t\t\t\t\t<div class=\"elementor-element elementor-element-a3c6f24 elementor-widget elementor-widget-text-editor\" data-id=\"a3c6f24\" data-element_type=\"widget\" data-e-type=\"widget\" data-widget_type=\"text-editor.default\">\n\t\t\t\t<div class=\"elementor-widget-container\">\n\t\t\t\t\t\t\t\t\t<p>El Consumidor cubre el problema del consumidor, la demanda individual y el problema de la minimizaci\u00f3n del gasto. Todos\u00a0 corresponden a un nivel de Microeconom\u00eda Intermedia como suele estar presente en los grados de Econom\u00eda y Administraci\u00f3n de Empresas.<\/p><ol><li>El problema del consumidor<ul><li>Las alternativas<\/li><li>Preferencias del consumidor<\/li><li>La funci\u00f3n de utilidad<\/li><li>Tasa de sustituci\u00f3n entre bienes<\/li><li>Diferentes tipos de preferencias<\/li><li>Elecci\u00f3n \u00f3ptima<\/li><\/ul><\/li><li>Demanda del consumidor<ul><li>Funciones de demanda individual<\/li><li>Variaciones de la renta<\/li><li>Preferencias cuasilineales<\/li><li>Variaciones de precios<\/li><li>Curva de demanda<\/li><li>Efecto sustituci\u00f3n y efecto renta<\/li><\/ul><\/li><li>El problema de minimizaci\u00f3n del gasto<ul><li>El problema de minimizaci\u00f3n<\/li><li>Demandas compensadas y funci\u00f3n de gasto<\/li><li>Ecuaci\u00f3n de Slutsky<\/li><\/ul><\/li><\/ol><p>&#8230;*<\/p><p>Cada secci\u00f3n es explicada desde cero, con cuestiones, ejemplos, ejercicios y soluciones, todo ello de forma interactiva, alcanzando un nivel\u00a0 universitario (intermedio).<\/p><p>Un tratamiento m\u00e1s formal (principalmente usando derivadas) est\u00e1 integrado a lo largo del texto, pero s\u00f3lo visible bajo demanda.\u00a0 As\u00ed, es posible seguir el texto completo con un nivel b\u00e1sico\u00a0 matem\u00e1ticas, o usar los botones &#8216;Ver mates&#8217; para un curso con m\u00e1s formalizaci\u00f3n y c\u00e1lculo.\u00a0<\/p><p>Se proporcionan definiciones detalladas de los conceptos discutidos, tanto dentro del texto como al final de cada secci\u00f3n. Tambi\u00e9n al final de cada secci\u00f3n, encontrar\u00e1s cuestiones de autoevaluaci\u00f3n.<\/p><p>(*) Futuras actualizaciones incluir\u00e1n contenidos y materiales adicionales. Utiliza el apartado de &#8216;Contacto&#8217; para enviar sugerencias.<\/p>\t\t\t\t\t\t\t\t<\/div>\n\t\t\t\t<\/div>\n\t\t\t\t\t<\/div>\n\t\t<\/div>\n\t\t\t\t<div class=\"elementor-column elementor-col-33 elementor-top-column elementor-element elementor-element-a0680e7\" data-id=\"a0680e7\" data-element_type=\"column\" data-e-type=\"column\">\n\t\t\t<div class=\"elementor-widget-wrap elementor-element-populated\">\n\t\t\t\t\t\t<div class=\"elementor-element elementor-element-d2a9f49 elementor-position-top elementor-widget elementor-widget-image-box\" data-id=\"d2a9f49\" data-element_type=\"widget\" data-e-type=\"widget\" data-widget_type=\"image-box.default\">\n\t\t\t\t<div class=\"elementor-widget-container\">\n\t\t\t\t\t<div class=\"elementor-image-box-wrapper\"><figure class=\"elementor-image-box-img\"><img decoding=\"async\" width=\"200\" height=\"200\" src=\"https:\/\/interactivemicroeconomics.com\/wp-content\/uploads\/2020\/10\/icono-aplicacion-cuadrado-200-LetrasRedondeado.png\" class=\"attachment-full size-full wp-image-254\" alt=\"\" srcset=\"https:\/\/interactivemicroeconomics.com\/wp-content\/uploads\/2020\/10\/icono-aplicacion-cuadrado-200-LetrasRedondeado.png 200w, https:\/\/interactivemicroeconomics.com\/wp-content\/uploads\/2020\/10\/icono-aplicacion-cuadrado-200-LetrasRedondeado-150x150.png 150w, https:\/\/interactivemicroeconomics.com\/wp-content\/uploads\/2020\/10\/icono-aplicacion-cuadrado-200-LetrasRedondeado-100x100.png 100w\" sizes=\"(max-width: 200px) 100vw, 200px\" \/><\/figure><div class=\"elementor-image-box-content\"><p class=\"elementor-image-box-description\">El Consumidor<\/p><\/div><\/div>\t\t\t\t<\/div>\n\t\t\t\t<\/div>\n\t\t\t\t<section class=\"elementor-section elementor-inner-section elementor-element elementor-element-a8f51bb elementor-section-boxed elementor-section-height-default elementor-section-height-default\" data-id=\"a8f51bb\" data-element_type=\"section\" data-e-type=\"section\">\n\t\t\t\t\t\t<div class=\"elementor-container elementor-column-gap-default\">\n\t\t\t\t\t<div class=\"elementor-column elementor-col-100 elementor-inner-column elementor-element elementor-element-b7c806e\" data-id=\"b7c806e\" data-element_type=\"column\" data-e-type=\"column\">\n\t\t\t<div class=\"elementor-widget-wrap elementor-element-populated\">\n\t\t\t\t\t\t<div class=\"elementor-element elementor-element-6075acf elementor-position-top elementor-widget elementor-widget-image-box\" data-id=\"6075acf\" data-element_type=\"widget\" data-e-type=\"widget\" data-widget_type=\"image-box.default\">\n\t\t\t\t<div class=\"elementor-widget-container\">\n\t\t\t\t\t<div class=\"elementor-image-box-wrapper\"><figure class=\"elementor-image-box-img\"><a href=\"https:\/\/apps.apple.com\/app\/el-consumidor\/id1563748438\" tabindex=\"-1\"><img decoding=\"async\" width=\"301\" height=\"102\" src=\"https:\/\/interactivemicroeconomics.com\/wp-content\/uploads\/2020\/10\/Recurso-1.png\" class=\"attachment-full size-full wp-image-658\" alt=\"\" \/><\/a><\/figure><\/div>\t\t\t\t<\/div>\n\t\t\t\t<\/div>\n\t\t\t\t\t<\/div>\n\t\t<\/div>\n\t\t\t\t\t<\/div>\n\t\t<\/section>\n\t\t\t\t<div class=\"elementor-element elementor-element-ee0a9f2 elementor-widget elementor-widget-html\" data-id=\"ee0a9f2\" data-element_type=\"widget\" data-e-type=\"widget\" data-widget_type=\"html.default\">\n\t\t\t\t<div class=\"elementor-widget-container\">\n\t\t\t\t\t<a href='https:\/\/play.google.com\/store\/apps\/details?id=com.interactivemicroeconomics.elconsumidor' style=\"opacity:1\"><img alt='Get it on Google Play' src='https:\/\/play.google.com\/intl\/en_us\/badges\/static\/images\/badges\/en_badge_web_generic.png'\/><\/a>\n\t\t\t\t<\/div>\n\t\t\t\t<\/div>\n\t\t\t\t<div class=\"elementor-element elementor-element-5a2e391 elementor-position-top elementor-widget elementor-widget-image-box\" data-id=\"5a2e391\" data-element_type=\"widget\" data-e-type=\"widget\" data-widget_type=\"image-box.default\">\n\t\t\t\t<div class=\"elementor-widget-container\">\n\t\t\t\t\t<div class=\"elementor-image-box-wrapper\"><figure class=\"elementor-image-box-img\"><img decoding=\"async\" width=\"200\" height=\"200\" src=\"https:\/\/interactivemicroeconomics.com\/wp-content\/uploads\/2020\/10\/icono-aplicacion-cuadrado-200-LetrasRedondeado.png\" class=\"attachment-full size-full wp-image-254\" alt=\"\" srcset=\"https:\/\/interactivemicroeconomics.com\/wp-content\/uploads\/2020\/10\/icono-aplicacion-cuadrado-200-LetrasRedondeado.png 200w, https:\/\/interactivemicroeconomics.com\/wp-content\/uploads\/2020\/10\/icono-aplicacion-cuadrado-200-LetrasRedondeado-150x150.png 150w, https:\/\/interactivemicroeconomics.com\/wp-content\/uploads\/2020\/10\/icono-aplicacion-cuadrado-200-LetrasRedondeado-100x100.png 100w\" sizes=\"(max-width: 200px) 100vw, 200px\" \/><\/figure><div class=\"elementor-image-box-content\"><p class=\"elementor-image-box-description\">TheConsumer<\/p><\/div><\/div>\t\t\t\t<\/div>\n\t\t\t\t<\/div>\n\t\t\t\t<div class=\"elementor-element elementor-element-25a041b elementor-position-top elementor-widget elementor-widget-image-box\" data-id=\"25a041b\" data-element_type=\"widget\" data-e-type=\"widget\" data-widget_type=\"image-box.default\">\n\t\t\t\t<div class=\"elementor-widget-container\">\n\t\t\t\t\t<div class=\"elementor-image-box-wrapper\"><figure class=\"elementor-image-box-img\"><a href=\"https:\/\/apps.apple.com\/app\/the-consumer\/id1535029573\" tabindex=\"-1\"><img decoding=\"async\" width=\"301\" height=\"102\" src=\"https:\/\/interactivemicroeconomics.com\/wp-content\/uploads\/2020\/10\/Recurso-1.png\" class=\"attachment-full size-full wp-image-658\" alt=\"\" \/><\/a><\/figure><\/div>\t\t\t\t<\/div>\n\t\t\t\t<\/div>\n\t\t\t\t<div class=\"elementor-element elementor-element-4b94f05 elementor-widget elementor-widget-html\" data-id=\"4b94f05\" data-element_type=\"widget\" data-e-type=\"widget\" data-widget_type=\"html.default\">\n\t\t\t\t<div class=\"elementor-widget-container\">\n\t\t\t\t\t<a href='https:\/\/play.google.com\/store\/apps\/details?id=com.interactivemicroeconomics.theconsumer' style=\"opacity:1\"><img alt='Get it on Google Play' src='https:\/\/play.google.com\/intl\/en_us\/badges\/static\/images\/badges\/en_badge_web_generic.png'\/><\/a>\n\t\t\t\t<\/div>\n\t\t\t\t<\/div>\n\t\t\t\t\t<\/div>\n\t\t<\/div>\n\t\t\t\t\t<\/div>\n\t\t<\/section>\n\t\t\t\t<\/div>\n\t\t","protected":false},"excerpt":{"rendered":"<p>El Consumidor cubre el problema del consumidor, la demanda individual y el problema de la minimizaci\u00f3n del gasto. Todos\u00a0 corresponden a un nivel de Microeconom\u00eda Intermedia como suele estar presente en los grados de Econom\u00eda y Administraci\u00f3n de Empresas. El problema del consumidor Las alternativas Preferencias del consumidor La funci\u00f3n de utilidad Tasa de sustituci\u00f3n &hellip; <\/p>\n<p class=\"link-more\"><a href=\"https:\/\/interactivemicroeconomics.com\/index.php\/es\/las-apps\/el-consumidor\/\" class=\"more-link\">Continue reading<span class=\"screen-reader-text\"> &#8220;El consumidor&#8221;<\/span><\/a><\/p>\n","protected":false},"author":3,"featured_media":0,"parent":1455,"menu_order":0,"comment_status":"closed","ping_status":"closed","template":"","meta":{"_monsterinsights_skip_tracking":false,"_monsterinsights_sitenote_active":false,"_monsterinsights_sitenote_note":"","_monsterinsights_sitenote_category":0,"footnotes":""},"class_list":["post-1521","page","type-page","status-publish","hentry"],"_links":{"self":[{"href":"https:\/\/interactivemicroeconomics.com\/index.php\/wp-json\/wp\/v2\/pages\/1521","targetHints":{"allow":["GET"]}}],"collection":[{"href":"https:\/\/interactivemicroeconomics.com\/index.php\/wp-json\/wp\/v2\/pages"}],"about":[{"href":"https:\/\/interactivemicroeconomics.com\/index.php\/wp-json\/wp\/v2\/types\/page"}],"author":[{"embeddable":true,"href":"https:\/\/interactivemicroeconomics.com\/index.php\/wp-json\/wp\/v2\/users\/3"}],"replies":[{"embeddable":true,"href":"https:\/\/interactivemicroeconomics.com\/index.php\/wp-json\/wp\/v2\/comments?post=1521"}],"version-history":[{"count":13,"href":"https:\/\/interactivemicroeconomics.com\/index.php\/wp-json\/wp\/v2\/pages\/1521\/revisions"}],"predecessor-version":[{"id":1709,"href":"https:\/\/interactivemicroeconomics.com\/index.php\/wp-json\/wp\/v2\/pages\/1521\/revisions\/1709"}],"up":[{"embeddable":true,"href":"https:\/\/interactivemicroeconomics.com\/index.php\/wp-json\/wp\/v2\/pages\/1455"}],"wp:attachment":[{"href":"https:\/\/interactivemicroeconomics.com\/index.php\/wp-json\/wp\/v2\/media?parent=1521"}],"curies":[{"name":"wp","href":"https:\/\/api.w.org\/{rel}","templated":true}]}}