{"id":1526,"date":"2021-07-14T19:50:41","date_gmt":"2021-07-14T17:50:41","guid":{"rendered":"https:\/\/interactivemicroeconomics.com\/?page_id=1526"},"modified":"2023-03-02T11:24:20","modified_gmt":"2023-03-02T10:24:20","slug":"el-productor","status":"publish","type":"page","link":"https:\/\/interactivemicroeconomics.com\/index.php\/es\/las-apps\/el-productor\/","title":{"rendered":"El productor"},"content":{"rendered":"\t\t<div data-elementor-type=\"wp-page\" data-elementor-id=\"1526\" class=\"elementor elementor-1526\">\n\t\t\t\t\t\t<section class=\"elementor-section elementor-top-section elementor-element elementor-element-63ddf80b elementor-section-boxed elementor-section-height-default elementor-section-height-default\" data-id=\"63ddf80b\" data-element_type=\"section\" data-e-type=\"section\">\n\t\t\t\t\t\t<div class=\"elementor-container elementor-column-gap-default\">\n\t\t\t\t\t<div class=\"elementor-column elementor-col-100 elementor-top-column elementor-element elementor-element-3c809227\" data-id=\"3c809227\" data-element_type=\"column\" data-e-type=\"column\">\n\t\t\t<div class=\"elementor-widget-wrap elementor-element-populated\">\n\t\t\t\t\t\t<div class=\"elementor-element elementor-element-95d4fe1 elementor-widget elementor-widget-text-editor\" data-id=\"95d4fe1\" data-element_type=\"widget\" data-e-type=\"widget\" data-widget_type=\"text-editor.default\">\n\t\t\t\t<div class=\"elementor-widget-container\">\n\t\t\t\t\t\t\t\t\t\t\t\t\t\t\t\t\t<\/div>\n\t\t\t\t<\/div>\n\t\t\t\t\t<\/div>\n\t\t<\/div>\n\t\t\t\t\t<\/div>\n\t\t<\/section>\n\t\t\t\t<section class=\"elementor-section elementor-top-section elementor-element elementor-element-8249f12 elementor-section-boxed elementor-section-height-default elementor-section-height-default\" data-id=\"8249f12\" data-element_type=\"section\" data-e-type=\"section\">\n\t\t\t\t\t\t<div class=\"elementor-container elementor-column-gap-default\">\n\t\t\t\t\t<div class=\"elementor-column elementor-col-66 elementor-top-column elementor-element elementor-element-773b06e\" data-id=\"773b06e\" data-element_type=\"column\" data-e-type=\"column\">\n\t\t\t<div class=\"elementor-widget-wrap elementor-element-populated\">\n\t\t\t\t\t\t<div class=\"elementor-element elementor-element-4e80409 elementor-widget elementor-widget-text-editor\" data-id=\"4e80409\" data-element_type=\"widget\" data-e-type=\"widget\" data-widget_type=\"text-editor.default\">\n\t\t\t\t<div class=\"elementor-widget-container\">\n\t\t\t\t\t\t\t\t\t<p>El Productor cubre el problema del productor, la tecnolog\u00eda y el problema de la minimizaci\u00f3n del coste. Todos\u00a0 corresponden a un nivel de Microeconom\u00eda Intermedia como suele estar presente en los grados de Econom\u00eda y Administraci\u00f3n de Empresas.<\/p><ol><li>El problema del productor<ul><li>Una visi\u00f3n general<\/li><\/ul><\/li><li>Tecnolog\u00eda<ul><li>La Funci\u00f3n de Producci\u00f3n<\/li><li>Corto plazo: un solo factor variable<\/li><li>Largo plazo<\/li><li>Rendimientos de escala<\/li><li>Tipos de tecnolog\u00edas<\/li><\/ul><\/li><li>El problema de la minimizaci\u00f3n del Coste<ul><li>La Minimizaci\u00f3n del Coste<\/li><li>Demandas condicionadas de los factore<\/li><li>Est\u00e1tica comparativa<\/li><\/ul><\/li><\/ol><p>&#8230;*<\/p><p>Cada secci\u00f3n es explicada desde cero, con cuestiones, ejemplos, ejercicios y soluciones, todo ello de forma interactiva, alcanzando un nivel\u00a0 universitario (intermedio).<\/p><p>Un tratamiento m\u00e1s formal (principalmente usando derivadas) est\u00e1 integrado a lo largo del texto, pero s\u00f3lo visible bajo demanda.\u00a0 As\u00ed, es posible seguir el texto completo con un nivel b\u00e1sico\u00a0 matem\u00e1ticas, o usar los botones &#8216;Ver mates&#8217; para un curso con m\u00e1s formalizaci\u00f3n y c\u00e1lculo.\u00a0<\/p><p>Se proporcionan definiciones detalladas de los conceptos discutidos, tanto dentro del texto como al final de cada secci\u00f3n. Tambi\u00e9n al final de cada secci\u00f3n, encontrar\u00e1s cuestiones de autoevaluaci\u00f3n.<\/p><p>(*) Futuras actualizaciones incluir\u00e1n contenidos y materiales adicionales. Utiliza el apartado de &#8216;Contacto&#8217; para enviar sugerencias.<\/p>\t\t\t\t\t\t\t\t<\/div>\n\t\t\t\t<\/div>\n\t\t\t\t\t<\/div>\n\t\t<\/div>\n\t\t\t\t<div class=\"elementor-column elementor-col-33 elementor-top-column elementor-element elementor-element-657c07c\" data-id=\"657c07c\" data-element_type=\"column\" data-e-type=\"column\">\n\t\t\t<div class=\"elementor-widget-wrap elementor-element-populated\">\n\t\t\t\t\t\t<div class=\"elementor-element elementor-element-cb60cb9 elementor-position-top elementor-widget elementor-widget-image-box\" data-id=\"cb60cb9\" data-element_type=\"widget\" data-e-type=\"widget\" data-widget_type=\"image-box.default\">\n\t\t\t\t<div class=\"elementor-widget-container\">\n\t\t\t\t\t<div class=\"elementor-image-box-wrapper\"><figure class=\"elementor-image-box-img\"><img fetchpriority=\"high\" decoding=\"async\" width=\"240\" height=\"240\" src=\"https:\/\/interactivemicroeconomics.com\/wp-content\/uploads\/2023\/02\/iconoAppTheProducer_redondeado-1.png\" class=\"attachment-full size-full wp-image-1723\" alt=\"\" srcset=\"https:\/\/interactivemicroeconomics.com\/wp-content\/uploads\/2023\/02\/iconoAppTheProducer_redondeado-1.png 240w, https:\/\/interactivemicroeconomics.com\/wp-content\/uploads\/2023\/02\/iconoAppTheProducer_redondeado-1-150x150.png 150w, https:\/\/interactivemicroeconomics.com\/wp-content\/uploads\/2023\/02\/iconoAppTheProducer_redondeado-1-100x100.png 100w\" sizes=\"(max-width: 240px) 100vw, 240px\" \/><\/figure><div class=\"elementor-image-box-content\"><p class=\"elementor-image-box-description\">El Productor<\/p><\/div><\/div>\t\t\t\t<\/div>\n\t\t\t\t<\/div>\n\t\t\t\t<section class=\"elementor-section elementor-inner-section elementor-element elementor-element-ec6e4d3 elementor-section-boxed elementor-section-height-default elementor-section-height-default\" data-id=\"ec6e4d3\" data-element_type=\"section\" data-e-type=\"section\">\n\t\t\t\t\t\t<div class=\"elementor-container elementor-column-gap-default\">\n\t\t\t\t\t<div class=\"elementor-column elementor-col-100 elementor-inner-column elementor-element elementor-element-7413159\" data-id=\"7413159\" data-element_type=\"column\" data-e-type=\"column\">\n\t\t\t<div class=\"elementor-widget-wrap elementor-element-populated\">\n\t\t\t\t\t\t<div class=\"elementor-element elementor-element-fe5eec2 elementor-position-top elementor-widget elementor-widget-image-box\" data-id=\"fe5eec2\" data-element_type=\"widget\" data-e-type=\"widget\" data-widget_type=\"image-box.default\">\n\t\t\t\t<div class=\"elementor-widget-container\">\n\t\t\t\t\t<div class=\"elementor-image-box-wrapper\"><figure class=\"elementor-image-box-img\"><a href=\"https:\/\/apps.apple.com\/es\/app\/el-productor\/id1668791388\" tabindex=\"-1\"><img decoding=\"async\" width=\"301\" height=\"102\" src=\"https:\/\/interactivemicroeconomics.com\/wp-content\/uploads\/2020\/10\/Recurso-1.png\" class=\"attachment-full size-full wp-image-658\" alt=\"\" \/><\/a><\/figure><\/div>\t\t\t\t<\/div>\n\t\t\t\t<\/div>\n\t\t\t\t<div class=\"elementor-element elementor-element-b620c6b elementor-widget elementor-widget-html\" data-id=\"b620c6b\" data-element_type=\"widget\" data-e-type=\"widget\" data-widget_type=\"html.default\">\n\t\t\t\t<div class=\"elementor-widget-container\">\n\t\t\t\t\t<a href='https:\/\/play.google.com\/store\/apps\/details?id=com.interactivemicroeconomics.elproductor&gl=ES' style=\"opacity:1\"><img alt='Get it on Google Play' src='https:\/\/play.google.com\/intl\/en_us\/badges\/static\/images\/badges\/en_badge_web_generic.png'\/><\/a>\n\t\t\t\t<\/div>\n\t\t\t\t<\/div>\n\t\t\t\t\t<\/div>\n\t\t<\/div>\n\t\t\t\t\t<\/div>\n\t\t<\/section>\n\t\t\t\t<div class=\"elementor-element elementor-element-c839d1b elementor-position-top elementor-widget elementor-widget-image-box\" data-id=\"c839d1b\" data-element_type=\"widget\" data-e-type=\"widget\" data-widget_type=\"image-box.default\">\n\t\t\t\t<div class=\"elementor-widget-container\">\n\t\t\t\t\t<div class=\"elementor-image-box-wrapper\"><figure class=\"elementor-image-box-img\"><img fetchpriority=\"high\" decoding=\"async\" width=\"240\" height=\"240\" src=\"https:\/\/interactivemicroeconomics.com\/wp-content\/uploads\/2023\/02\/iconoAppTheProducer_redondeado-1.png\" class=\"attachment-full size-full wp-image-1723\" alt=\"\" srcset=\"https:\/\/interactivemicroeconomics.com\/wp-content\/uploads\/2023\/02\/iconoAppTheProducer_redondeado-1.png 240w, https:\/\/interactivemicroeconomics.com\/wp-content\/uploads\/2023\/02\/iconoAppTheProducer_redondeado-1-150x150.png 150w, https:\/\/interactivemicroeconomics.com\/wp-content\/uploads\/2023\/02\/iconoAppTheProducer_redondeado-1-100x100.png 100w\" sizes=\"(max-width: 240px) 100vw, 240px\" \/><\/figure><div class=\"elementor-image-box-content\"><p class=\"elementor-image-box-description\">TheProducer - (coming soon)<\/p><\/div><\/div>\t\t\t\t<\/div>\n\t\t\t\t<\/div>\n\t\t\t\t<div class=\"elementor-element elementor-element-45a1ef3 elementor-position-top elementor-widget elementor-widget-image-box\" data-id=\"45a1ef3\" data-element_type=\"widget\" data-e-type=\"widget\" data-widget_type=\"image-box.default\">\n\t\t\t\t<div class=\"elementor-widget-container\">\n\t\t\t\t\t<div class=\"elementor-image-box-wrapper\"><figure class=\"elementor-image-box-img\"><img decoding=\"async\" width=\"301\" height=\"102\" src=\"https:\/\/interactivemicroeconomics.com\/wp-content\/uploads\/2020\/10\/Recurso-1.png\" class=\"attachment-full size-full wp-image-658\" alt=\"\" \/><\/figure><\/div>\t\t\t\t<\/div>\n\t\t\t\t<\/div>\n\t\t\t\t<div class=\"elementor-element elementor-element-4ead71e elementor-position-top elementor-widget elementor-widget-image-box\" data-id=\"4ead71e\" data-element_type=\"widget\" data-e-type=\"widget\" data-widget_type=\"image-box.default\">\n\t\t\t\t<div class=\"elementor-widget-container\">\n\t\t\t\t\t<div class=\"elementor-image-box-wrapper\"><figure class=\"elementor-image-box-img\"><img decoding=\"async\" width=\"646\" height=\"250\" src=\"https:\/\/interactivemicroeconomics.com\/wp-content\/uploads\/2020\/11\/en_badge_web_generic.png\" class=\"attachment-full size-full wp-image-875\" alt=\"\" srcset=\"https:\/\/interactivemicroeconomics.com\/wp-content\/uploads\/2020\/11\/en_badge_web_generic.png 646w, https:\/\/interactivemicroeconomics.com\/wp-content\/uploads\/2020\/11\/en_badge_web_generic-300x116.png 300w\" sizes=\"(max-width: 646px) 100vw, 646px\" \/><\/figure><\/div>\t\t\t\t<\/div>\n\t\t\t\t<\/div>\n\t\t\t\t\t<\/div>\n\t\t<\/div>\n\t\t\t\t\t<\/div>\n\t\t<\/section>\n\t\t\t\t<\/div>\n\t\t","protected":false},"excerpt":{"rendered":"<p>El Productor cubre el problema del productor, la tecnolog\u00eda y el problema de la minimizaci\u00f3n del coste. Todos\u00a0 corresponden a un nivel de Microeconom\u00eda Intermedia como suele estar presente en los grados de Econom\u00eda y Administraci\u00f3n de Empresas. El problema del productor Una visi\u00f3n general Tecnolog\u00eda La Funci\u00f3n de Producci\u00f3n Corto plazo: un solo factor &hellip; <\/p>\n<p class=\"link-more\"><a href=\"https:\/\/interactivemicroeconomics.com\/index.php\/es\/las-apps\/el-productor\/\" class=\"more-link\">Continue reading<span class=\"screen-reader-text\"> &#8220;El productor&#8221;<\/span><\/a><\/p>\n","protected":false},"author":3,"featured_media":0,"parent":1455,"menu_order":0,"comment_status":"closed","ping_status":"closed","template":"","meta":{"_monsterinsights_skip_tracking":false,"_monsterinsights_sitenote_active":false,"_monsterinsights_sitenote_note":"","_monsterinsights_sitenote_category":0,"footnotes":""},"class_list":["post-1526","page","type-page","status-publish","hentry"],"_links":{"self":[{"href":"https:\/\/interactivemicroeconomics.com\/index.php\/wp-json\/wp\/v2\/pages\/1526","targetHints":{"allow":["GET"]}}],"collection":[{"href":"https:\/\/interactivemicroeconomics.com\/index.php\/wp-json\/wp\/v2\/pages"}],"about":[{"href":"https:\/\/interactivemicroeconomics.com\/index.php\/wp-json\/wp\/v2\/types\/page"}],"author":[{"embeddable":true,"href":"https:\/\/interactivemicroeconomics.com\/index.php\/wp-json\/wp\/v2\/users\/3"}],"replies":[{"embeddable":true,"href":"https:\/\/interactivemicroeconomics.com\/index.php\/wp-json\/wp\/v2\/comments?post=1526"}],"version-history":[{"count":49,"href":"https:\/\/interactivemicroeconomics.com\/index.php\/wp-json\/wp\/v2\/pages\/1526\/revisions"}],"predecessor-version":[{"id":1787,"href":"https:\/\/interactivemicroeconomics.com\/index.php\/wp-json\/wp\/v2\/pages\/1526\/revisions\/1787"}],"up":[{"embeddable":true,"href":"https:\/\/interactivemicroeconomics.com\/index.php\/wp-json\/wp\/v2\/pages\/1455"}],"wp:attachment":[{"href":"https:\/\/interactivemicroeconomics.com\/index.php\/wp-json\/wp\/v2\/media?parent=1526"}],"curies":[{"name":"wp","href":"https:\/\/api.w.org\/{rel}","templated":true}]}}